{"id":752,"date":"2025-06-12T16:34:39","date_gmt":"2025-06-12T08:34:39","guid":{"rendered":"https:\/\/test.themepark.com.cn\/product\/popule-swab-4-5\/"},"modified":"2025-10-21T15:31:00","modified_gmt":"2025-10-21T07:31:00","slug":"popule-swab-4-5","status":"publish","type":"product","link":"https:\/\/www.meditech.cc\/fr\/popule-swab-4-5","title":{"rendered":"\u00c9couvillon \u00e0 popule - 4,5"},"content":{"rendered":"<p><span style=\"font-size: 14px;\"><strong>\u00c9couvillon \u00e0 popule - 4,5<\/strong><br \/>\nConditionnement : 25 \u00e9couvillons par sachet Zip-lock ; 50 \u00e9couvillons\/bo\u00eete<br \/>\nDimension nominale : 4.5''.<br \/>\nR\u00e9f\u00e9rence Fabricant : IPASS-4.5<\/span><\/p>\n<p><strong>Caract\u00e9ristiques et avantages<\/strong><br \/>\n- Embout rectangulaire en mousse de polyur\u00e9thane \u00e0 cellules ouvertes, 100 ppi.<br \/>\n- Non abrasif.<br \/>\n- La mousse est scell\u00e9e directement sur la poign\u00e9e en plastique sans utiliser d'adh\u00e9sif, ce qui la rend plus respectueuse de l'environnement.<br \/>\n- Manipulation ais\u00e9e<br \/>\n- Excellent pour \u00e9liminer les taches d'encre, les r\u00e9sidus de colle et les d\u00e9bris sur la t\u00eate d'impression.<\/p>\n<p><strong>Applications<\/strong><br \/>\n- Claviers d'ordinateurs.<br \/>\n- Dispositifs \u00e0 t\u00eate optique et magn\u00e9tique.<br \/>\n- Composants \u00e9lectroniques.<br \/>\n- Imprimantes thermiques (imprimantes de cartes, imprimantes de codes-barres, imprimantes d'\u00e9tiquettes, imprimantes de re\u00e7us)<br \/>\n- Imprimantes \u00e0 jet d'encre<\/p>\n<p><strong>Caract\u00e9ristiques<\/strong><br \/>\nLa poign\u00e9e en plastique de l'\u00e9couvillon est remplie d'une solution IPA \u00e0 99,9%.<br \/>\nIl suffit de presser ou d'enclencher la poign\u00e9e en plastique pour que la t\u00eate en mousse s'impr\u00e8gne de la bonne quantit\u00e9 de solution de nettoyage.<br \/>\nNettoyez la t\u00eate d'impression thermique en effectuant un mouvement de va-et-vient pour \u00e9liminer efficacement la salet\u00e9 et les d\u00e9bris accumul\u00e9s sur la t\u00eate d'impression, ce qui prolonge sa dur\u00e9e de vie et permet de conserver une image lisible.<\/p>","protected":false},"excerpt":{"rendered":"[tp_attributes num_attributes=\"105\"]","protected":false},"featured_media":2318,"comment_status":"closed","ping_status":"closed","template":"","meta":{"themepark_post_bcolor":"#f5f5f5","themepark_post_width":"1022px","themepark_post_img":"","themepark_post_img_po":"left","themepark_post_img_re":false,"themepark_post_img_cover":false,"themepark_post_img_fixed":false,"themepark_post_hide_title":false,"themepark_post_main_b":"","themepark_post_main_p":100,"themepark_paddingblock":false},"product_brand":[],"product_cat":[46,47],"product_tag":[136,91,156,157,158],"class_list":{"0":"post-752","1":"product","2":"type-product","3":"status-publish","4":"has-post-thumbnail","6":"product_cat-thermal-printer-cleaning-kit","7":"product_cat-thermal-printer-cleaning-swabs","8":"product_tag-ipa-clean-swab","9":"product_tag-ipa-snap-swab","10":"product_tag-printhead-cleaning-swab","11":"product_tag-thermal-printer-cleaning-supplies","12":"product_tag-thermal-printer-cleaning-swab","14":"first","15":"instock","16":"product-type-simple"},"_links":{"self":[{"href":"https:\/\/www.meditech.cc\/fr\/wp-json\/wp\/v2\/product\/752","targetHints":{"allow":["GET"]}}],"collection":[{"href":"https:\/\/www.meditech.cc\/fr\/wp-json\/wp\/v2\/product"}],"about":[{"href":"https:\/\/www.meditech.cc\/fr\/wp-json\/wp\/v2\/types\/product"}],"replies":[{"embeddable":true,"href":"https:\/\/www.meditech.cc\/fr\/wp-json\/wp\/v2\/comments?post=752"}],"wp:featuredmedia":[{"embeddable":true,"href":"https:\/\/www.meditech.cc\/fr\/wp-json\/wp\/v2\/media\/2318"}],"wp:attachment":[{"href":"https:\/\/www.meditech.cc\/fr\/wp-json\/wp\/v2\/media?parent=752"}],"wp:term":[{"taxonomy":"product_brand","embeddable":true,"href":"https:\/\/www.meditech.cc\/fr\/wp-json\/wp\/v2\/product_brand?post=752"},{"taxonomy":"product_cat","embeddable":true,"href":"https:\/\/www.meditech.cc\/fr\/wp-json\/wp\/v2\/product_cat?post=752"},{"taxonomy":"product_tag","embeddable":true,"href":"https:\/\/www.meditech.cc\/fr\/wp-json\/wp\/v2\/product_tag?post=752"}],"curies":[{"name":"wp","href":"https:\/\/api.w.org\/{rel}","templated":true}]}}