{"id":780,"date":"2025-06-13T10:35:38","date_gmt":"2025-06-13T02:35:38","guid":{"rendered":"https:\/\/test.themepark.com.cn\/product\/atm-cleaning-wipe\/"},"modified":"2025-07-02T15:32:49","modified_gmt":"2025-07-02T07:32:49","slug":"atm-cleaning-wipe","status":"publish","type":"product","link":"https:\/\/www.meditech.cc\/fr\/atm-cleaning-wipe","title":{"rendered":"Lingette de nettoyage ATM"},"content":{"rendered":"<p><span style=\"font-size: 14px;\"><strong>Lingettes de nettoyage technique<\/strong><br \/>\n<strong>- Pr\u00e9-satur\u00e9 d'IPA<\/strong><br \/>\nEmballage : 40 lingettes nettoyantes par bo\u00eete<br \/>\nTaille de l'ouverture (mm) : 127 x 152<br \/>\nTaille pli\u00e9e (mm) : 42x 38<br \/>\nR\u00e9f\u00e9rence Fabricant : IPA-M3<\/span><\/p>\n<p><strong>Caract\u00e9ristiques<\/strong><br \/>\nLes lingettes Spunlace sont pr\u00e9-impr\u00e9gn\u00e9es d'une solution IPA de qualit\u00e9 \u00e9lectronique 99.9% utilis\u00e9e pour la maintenance pr\u00e9ventive des imprimantes de cartes et des appareils de transaction afin de nettoyer les t\u00eates d'impression thermique, les rouleaux de la platine et les composants int\u00e9rieurs de l'appareil.<br \/>\nIl est largement recommand\u00e9 pour le nettoyage des \u00e9crans d'ordinateurs LCD, des terminaux de points de vente, des terminaux de guichets automatiques, des claviers, des imprimantes d'\u00e9tiquettes et d'autres \u00e9quipements o\u00f9 les taches d'encre et les r\u00e9sidus d'adh\u00e9sifs sont difficiles \u00e0 \u00e9liminer.<br \/>\nIl peut tuer la plupart des bact\u00e9ries.<\/p>\n<p><strong>Applications<\/strong><br \/>\n- Tous les lecteurs de cartes.<br \/>\n- Terminaux ATM\/POS.<br \/>\n- Imprimantes de cartes d'identit\u00e9.<br \/>\n- Imprimantes d'\u00e9tiquettes et de codes-barres.<br \/>\n- Imprimantes \u00e0 jet d'encre.<br \/>\n- \u00c9cran d'ordinateur LCD.<br \/>\n- Scanners de ch\u00e8ques ou lecteurs de ch\u00e8ques.<\/p>","protected":false},"excerpt":{"rendered":"[tp_attributes num_attributes=\"105\"]","protected":false},"featured_media":2262,"comment_status":"closed","ping_status":"closed","template":"","meta":{"themepark_post_bcolor":"#f5f5f5","themepark_post_width":"1022px","themepark_post_img":"","themepark_post_img_po":"left","themepark_post_img_re":false,"themepark_post_img_cover":false,"themepark_post_img_fixed":false,"themepark_post_hide_title":false,"themepark_post_main_b":"","themepark_post_main_p":100,"themepark_paddingblock":false},"product_brand":[],"product_cat":[53,40],"product_tag":[],"class_list":{"0":"post-780","1":"product","2":"type-product","3":"status-publish","4":"has-post-thumbnail","6":"product_cat-atm-cleaning-kit","7":"product_cat-other-cleaning-kits","9":"first","10":"instock","11":"product-type-simple"},"_links":{"self":[{"href":"https:\/\/www.meditech.cc\/fr\/wp-json\/wp\/v2\/product\/780","targetHints":{"allow":["GET"]}}],"collection":[{"href":"https:\/\/www.meditech.cc\/fr\/wp-json\/wp\/v2\/product"}],"about":[{"href":"https:\/\/www.meditech.cc\/fr\/wp-json\/wp\/v2\/types\/product"}],"replies":[{"embeddable":true,"href":"https:\/\/www.meditech.cc\/fr\/wp-json\/wp\/v2\/comments?post=780"}],"wp:featuredmedia":[{"embeddable":true,"href":"https:\/\/www.meditech.cc\/fr\/wp-json\/wp\/v2\/media\/2262"}],"wp:attachment":[{"href":"https:\/\/www.meditech.cc\/fr\/wp-json\/wp\/v2\/media?parent=780"}],"wp:term":[{"taxonomy":"product_brand","embeddable":true,"href":"https:\/\/www.meditech.cc\/fr\/wp-json\/wp\/v2\/product_brand?post=780"},{"taxonomy":"product_cat","embeddable":true,"href":"https:\/\/www.meditech.cc\/fr\/wp-json\/wp\/v2\/product_cat?post=780"},{"taxonomy":"product_tag","embeddable":true,"href":"https:\/\/www.meditech.cc\/fr\/wp-json\/wp\/v2\/product_tag?post=780"}],"curies":[{"name":"wp","href":"https:\/\/api.w.org\/{rel}","templated":true}]}}