{"id":786,"date":"2025-06-13T10:35:38","date_gmt":"2025-06-13T02:35:38","guid":{"rendered":"https:\/\/test.themepark.com.cn\/product\/bill-validator-flat-cleaning-card-2-5x6\/"},"modified":"2025-07-24T17:40:24","modified_gmt":"2025-07-24T09:40:24","slug":"bill-validator-flat-cleaning-card-2-5x6","status":"publish","type":"product","link":"https:\/\/www.meditech.cc\/fr\/bill-validator-flat-cleaning-card-2-5x6","title":{"rendered":"Carte de nettoyage plate Bill Validator - 2.5\u2033x6\u2033"},"content":{"rendered":"<p><span style=\"font-size: 14px;\"><strong>Carte de nettoyage du validateur de factures<\/strong><br \/>\n<strong>- Pr\u00e9-satur\u00e9 d'IPA<\/strong><br \/>\nEmballage : 25 cartes de nettoyage par bo\u00eete<br \/>\nDimensions nominales : 63,5 X 152,4 X 0,305 mm<br \/>\nR\u00e9f\u00e9rence Fabricant : BVCC-250006-IPA<\/span><\/p>\n<p><strong>Caract\u00e9ristiques et avantages<\/strong><\/p>\n<ul>\n<li>Co\u00fbts \u00e9conomiques pour l'entretien de routine de votre validateur de factures afin d'\u00e9viter les erreurs de lecture ou les d\u00e9faillances de lecture.<\/li>\n<li>Moins de pannes de machines gr\u00e2ce \u00e0 l'\u00e9limination efficace de la salet\u00e9.<\/li>\n<li>Manipulation ais\u00e9e<\/li>\n<li>Le nettoyant \u00e0 l'alcool isopropylique nettoie en toute s\u00e9curit\u00e9, \u00e9limine la poussi\u00e8re, les taches sales et ne laisse aucun r\u00e9sidu sur la surface. - Voir la fiche de donn\u00e9es de s\u00e9curit\u00e9 TPCC-250006-IPA<\/li>\n<\/ul>\n<p><strong>Applications<\/strong><br \/>\nLa carte de nettoyage pr\u00e9-impr\u00e9gn\u00e9e IPA est un nettoyant alternatif pour l'entretien pr\u00e9ventif des distributeurs automatiques, des machines \u00e0 valeur ajout\u00e9e, des validateurs ou des accepteurs de billets de banque,<\/p>\n<p><strong>Caract\u00e9ristiques<\/strong><br \/>\nLe Bill Validator n\u00e9cessite un entretien pr\u00e9ventif pour maintenir la lentille optique propre et exempte de toute accumulation de d\u00e9bris. Il nettoie et revitalise les rouleaux en caoutchouc de transport, le guide de trajectoire des rouleaux.<br \/>\nLes cartes de nettoyage pr\u00e9-impr\u00e9gn\u00e9es sont un moyen \u00e9conomique d'entretenir votre lecteur de billets et d'augmenter la dur\u00e9e de vie de la lentille optique.<\/p>","protected":false},"excerpt":{"rendered":"[tp_attributes num_attributes=\"105\"]","protected":false},"featured_media":1807,"comment_status":"closed","ping_status":"closed","template":"","meta":{"themepark_post_bcolor":"#f5f5f5","themepark_post_width":"1022px","themepark_post_img":"","themepark_post_img_po":"left","themepark_post_img_re":false,"themepark_post_img_cover":false,"themepark_post_img_fixed":false,"themepark_post_hide_title":false,"themepark_post_main_b":"","themepark_post_main_p":100,"themepark_paddingblock":false},"product_brand":[],"product_cat":[54,40],"product_tag":[93,92,94],"class_list":{"0":"post-786","1":"product","2":"type-product","3":"status-publish","4":"has-post-thumbnail","6":"product_cat-bill-validator-cleaning-kit","7":"product_cat-other-cleaning-kits","8":"product_tag-bill-acceptor-cleaning-card","9":"product_tag-bill-validator-cleaning-card","10":"product_tag-cleaning-card","12":"first","13":"instock","14":"product-type-simple"},"_links":{"self":[{"href":"https:\/\/www.meditech.cc\/fr\/wp-json\/wp\/v2\/product\/786","targetHints":{"allow":["GET"]}}],"collection":[{"href":"https:\/\/www.meditech.cc\/fr\/wp-json\/wp\/v2\/product"}],"about":[{"href":"https:\/\/www.meditech.cc\/fr\/wp-json\/wp\/v2\/types\/product"}],"replies":[{"embeddable":true,"href":"https:\/\/www.meditech.cc\/fr\/wp-json\/wp\/v2\/comments?post=786"}],"wp:featuredmedia":[{"embeddable":true,"href":"https:\/\/www.meditech.cc\/fr\/wp-json\/wp\/v2\/media\/1807"}],"wp:attachment":[{"href":"https:\/\/www.meditech.cc\/fr\/wp-json\/wp\/v2\/media?parent=786"}],"wp:term":[{"taxonomy":"product_brand","embeddable":true,"href":"https:\/\/www.meditech.cc\/fr\/wp-json\/wp\/v2\/product_brand?post=786"},{"taxonomy":"product_cat","embeddable":true,"href":"https:\/\/www.meditech.cc\/fr\/wp-json\/wp\/v2\/product_cat?post=786"},{"taxonomy":"product_tag","embeddable":true,"href":"https:\/\/www.meditech.cc\/fr\/wp-json\/wp\/v2\/product_tag?post=786"}],"curies":[{"name":"wp","href":"https:\/\/api.w.org\/{rel}","templated":true}]}}