{"id":977,"date":"2025-06-13T10:37:55","date_gmt":"2025-06-13T02:37:55","guid":{"rendered":"https:\/\/test.themepark.com.cn\/product\/cleanroom-microfiber-swab-ms761\/"},"modified":"2025-08-21T13:56:32","modified_gmt":"2025-08-21T05:56:32","slug":"cleanroom-microfiber-swab-ms761","status":"publish","type":"product","link":"https:\/\/www.meditech.cc\/fr\/cleanroom-microfiber-swab-ms761","title":{"rendered":"Ecouvillon microfibre pour salle blanche MS761"},"content":{"rendered":"<div style=\"margin-left: 40px;\"><span style=\"font-size: 14px;\"><span style=\"font-size: 14px;\"><span style=\"font-family: arial;\"><strong>Ecouvillon microfibre pour salle blanche MS761<\/strong><br \/>\nMoyen <span style=\"color: #000080;\">Ecouvillon en microfibre<\/span> avec t\u00eate de palette interne flexible long manche<\/span><\/span><\/span><\/div>\n<div><\/div>\n<div style=\"margin-left: 40px;\"><strong>Description :<\/strong><br \/>\nL'\u00e9couvillon moyen en microfibre MS761 de Meditech est dot\u00e9 d'une t\u00eate flexible \u00e0 palette interne et d'un long manche offrant un bon soutien et un bon coussin.<br \/>\nSa t\u00eate en microfibre polyester tricot\u00e9e \u00e0 double couche poss\u00e8de un haut niveau de propret\u00e9 et une excellente r\u00e9sistance aux solvants. C'est l'\u00e9couvillon id\u00e9al \u00e0 utiliser pour \u00e9liminer efficacement la contamination sur les surfaces et les zones difficiles d'acc\u00e8s.<br \/>\nLe tampon microfibre moyen MS761 est exempt de contaminants organiques tels que les esters de silicone, d'amide et de phtalate.<br \/>\nIl se caract\u00e9rise par une tr\u00e8s faible teneur en r\u00e9sidus non volatils (RNV), en ions et en particules.<br \/>\nIl est recommand\u00e9 pour l'\u00e9chantillonnage des surfaces et la validation du nettoyage.<br \/>\nSes niveaux de propret\u00e9 permettent d'obtenir un fond neutre pour l'\u00e9chantillon obtenu. Cet \u00e9couvillon est un choix id\u00e9al pour le nettoyage et l'\u00e9chantillonnage contr\u00f4l\u00e9s de grandes surfaces.<br \/>\nCet \u00e9couvillon peut remplacer les cotons-tiges classiques \u00e0 long manche dans les applications n\u00e9cessitant une propret\u00e9 sup\u00e9rieure.<\/div>\n<div><\/div>\n<div style=\"margin-left: 40px;\"><strong>Caract\u00e9ristiques :<\/strong><br \/>\n- Exempt de silicone, d'amide et de DOP.<br \/>\n- Faible teneur en particules, en ions et en r\u00e9sidus non volatils.<br \/>\n- Poign\u00e9e de s\u00e9curit\u00e9 ESD (en option)<br \/>\n- T\u00eate en microfibre polyester thermocoll\u00e9e.<br \/>\n- Embout doux et non abrasif.<br \/>\n- Compatible avec la plupart des solvants courants.<br \/>\n- Design : Pagaie \u00e0 t\u00eate flexible avec long manche<br \/>\n- Disponible avec un manche de 3,4\" pour une \u00e9conomie de co\u00fbts.<\/div>\n<div><\/div>\n<div style=\"margin-left: 40px;\"><strong>Applications :<\/strong><br \/>\n- Pour le nettoyage des surfaces d\u00e9licates et sensibles et pour ramasser plus de particules submicroniques que les \u00e9couvillons normaux en polyester.<br \/>\n- Nettoyage avec des solvants tels que l'IPA.<br \/>\n- Nettoyage des surfaces et des zones difficiles d'acc\u00e8s.<br \/>\n- Application de lubrifiants ou d'autres liquides<br \/>\n- \u00c9liminer les r\u00e9sidus de flux et les mat\u00e9riaux exc\u00e9dentaires.<br \/>\n- Pour le nettoyage g\u00e9n\u00e9ral.<\/div>\n<div><\/div>\n<div style=\"margin-left: 40px;\"><strong>Emballage :<\/strong><\/div>\n<div style=\"margin-left: 40px;\">500 \u00e9couvillons\/sachet ;<br \/>\n5 sachets int\u00e9rieurs de 100 \u00e9couvillons ;<br \/>\n30 sachets\/caisse&nbsp;<\/p>\n<\/div>","protected":false},"excerpt":{"rendered":"[tp_attributes num_attributes=\"105\"]","protected":false},"featured_media":978,"comment_status":"closed","ping_status":"closed","template":"","meta":{"themepark_post_bcolor":"#f5f5f5","themepark_post_width":"1022px","themepark_post_img":"","themepark_post_img_po":"left","themepark_post_img_re":false,"themepark_post_img_cover":false,"themepark_post_img_fixed":false,"themepark_post_hide_title":false,"themepark_post_main_b":"","themepark_post_main_p":100,"themepark_paddingblock":false},"product_brand":[],"product_cat":[26,39],"product_tag":[74,71,121,79,81,110],"class_list":{"0":"post-977","1":"product","2":"type-product","3":"status-publish","4":"has-post-thumbnail","6":"product_cat-cleanroom-swabs","7":"product_cat-microfiber-swabs","8":"product_tag-cleaning-swab","9":"product_tag-cleanroom-swab","10":"product_tag-cotton-swabs","11":"product_tag-lint-free-swab","12":"product_tag-microfiber-swab","13":"product_tag-purification-swab","15":"first","16":"instock","17":"product-type-simple"},"_links":{"self":[{"href":"https:\/\/www.meditech.cc\/fr\/wp-json\/wp\/v2\/product\/977","targetHints":{"allow":["GET"]}}],"collection":[{"href":"https:\/\/www.meditech.cc\/fr\/wp-json\/wp\/v2\/product"}],"about":[{"href":"https:\/\/www.meditech.cc\/fr\/wp-json\/wp\/v2\/types\/product"}],"replies":[{"embeddable":true,"href":"https:\/\/www.meditech.cc\/fr\/wp-json\/wp\/v2\/comments?post=977"}],"wp:featuredmedia":[{"embeddable":true,"href":"https:\/\/www.meditech.cc\/fr\/wp-json\/wp\/v2\/media\/978"}],"wp:attachment":[{"href":"https:\/\/www.meditech.cc\/fr\/wp-json\/wp\/v2\/media?parent=977"}],"wp:term":[{"taxonomy":"product_brand","embeddable":true,"href":"https:\/\/www.meditech.cc\/fr\/wp-json\/wp\/v2\/product_brand?post=977"},{"taxonomy":"product_cat","embeddable":true,"href":"https:\/\/www.meditech.cc\/fr\/wp-json\/wp\/v2\/product_cat?post=977"},{"taxonomy":"product_tag","embeddable":true,"href":"https:\/\/www.meditech.cc\/fr\/wp-json\/wp\/v2\/product_tag?post=977"}],"curies":[{"name":"wp","href":"https:\/\/api.w.org\/{rel}","templated":true}]}}