{"id":993,"date":"2025-06-13T10:43:25","date_gmt":"2025-06-13T02:43:25","guid":{"rendered":"https:\/\/test.themepark.com.cn\/product\/cleanroom-polyester-swab-ps758\/"},"modified":"2025-08-12T17:57:45","modified_gmt":"2025-08-12T09:57:45","slug":"cleanroom-polyester-swab-ps758","status":"publish","type":"product","link":"https:\/\/www.meditech.cc\/fr\/cleanroom-polyester-swab-ps758","title":{"rendered":"Ecouvillon en polyester pour salle blanche PS758"},"content":{"rendered":"<div style=\"margin-left: 40px;\"><span style=\"font-size: 14px;\"><span style=\"font-family: arial;\"><strong>\u00c9couvillon en polyester PS758<\/strong><br \/>\nEcouvillon en polyester avec t\u00eate flexible et poign\u00e9e compacte<\/p>\n<p><strong>Description :<\/strong><br \/>\n<a href=\"https:\/\/www.meditech.cc\/fr\/cleanroom-swabs\/polyester-swabs\/\"><span style=\"color: #000080;\">Ecouvillon en polyester de Meditech<\/span><\/a> Le PS758 est un excellent \u00e9couvillon pour le nettoyage des pi\u00e8ces et des assemblages dans les espaces confin\u00e9s \u00e0 rainures fines o\u00f9 la hauteur de l'\u00e9paisseur est une pr\u00e9occupation majeure.<br \/>\nSa t\u00eate en polyester tricot\u00e9 double couche poss\u00e8de un haut niveau de propret\u00e9 et une excellente r\u00e9sistance aux solvants. C'est l'\u00e9couvillon id\u00e9al pour \u00e9liminer efficacement la contamination sur les surfaces et nettoyer les petites zones fendues et rainur\u00e9es.<br \/>\nL'\u00e9couvillon en polyester PS758 est exempt de contaminants organiques tels que les esters de silicone, d'amide ou de phtalate. Ils se caract\u00e9risent par une tr\u00e8s faible teneur en r\u00e9sidus non volatils (RNV), en ions et en particules. Les \u00e9couvillons en polyester PS758 sont excellents pour le nettoyage g\u00e9n\u00e9ral.<\/p>\n<p><strong>Caract\u00e9ristiques :<\/strong><br \/>\n- Exempt de silicone, d'amide et de DOP.<br \/>\n- Faible teneur en particules, en ions et en r\u00e9sidus non volatils.<br \/>\n&#8211;\u00a0 Compact ESD safe handle.<br \/>\n- Palette de t\u00eate flexible.<br \/>\n- Capacit\u00e9 de solvant \u00e9lev\u00e9e, doux et non abrasif.<br \/>\n- Compatible avec la plupart des solvants courants.<br \/>\n- Pas de rev\u00eatement contaminant.<br \/>\n- Design : Palette \u00e0 t\u00eate flexible avec poign\u00e9e compacte.<\/p>\n<p><strong>Applications :<\/strong><br \/>\n- Nettoyage avec des solvants tels que l'IPA.<br \/>\n- Nettoyage de petits espaces et d'espaces confin\u00e9s.<br \/>\n- L'application de lubrifiants ou d'autres liquides.<br \/>\n- \u00c9liminer les r\u00e9sidus de flux et les mat\u00e9riaux exc\u00e9dentaires.<br \/>\n- Pour le nettoyage g\u00e9n\u00e9ral.<\/p>\n<p><strong>Emballage :<\/strong><br \/>\n500 \u00e9couvillons par sac ;<br \/>\nSachet int\u00e9rieur de 5 pi\u00e8ces contenant 100 \u00e9couvillons ;<br \/>\n100 sachets par carton<\/span><\/span><\/div>","protected":false},"excerpt":{"rendered":"[tp_attributes num_attributes=\"105\"]","protected":false},"featured_media":994,"comment_status":"closed","ping_status":"closed","template":"","meta":{"themepark_post_bcolor":"#f5f5f5","themepark_post_width":"1022px","themepark_post_img":"","themepark_post_img_po":"left","themepark_post_img_re":false,"themepark_post_img_cover":false,"themepark_post_img_fixed":false,"themepark_post_hide_title":false,"themepark_post_main_b":"","themepark_post_main_p":100,"themepark_paddingblock":false},"product_brand":[],"product_cat":[26,41],"product_tag":[74,106,71,79,95],"class_list":{"0":"post-993","1":"product","2":"type-product","3":"status-publish","4":"has-post-thumbnail","6":"product_cat-cleanroom-swabs","7":"product_cat-polyester-swabs","8":"product_tag-cleaning-swab","9":"product_tag-cleanroom-polyester-swab","10":"product_tag-cleanroom-swab","11":"product_tag-lint-free-swab","12":"product_tag-swab-sticks","14":"first","15":"instock","16":"product-type-simple"},"_links":{"self":[{"href":"https:\/\/www.meditech.cc\/fr\/wp-json\/wp\/v2\/product\/993","targetHints":{"allow":["GET"]}}],"collection":[{"href":"https:\/\/www.meditech.cc\/fr\/wp-json\/wp\/v2\/product"}],"about":[{"href":"https:\/\/www.meditech.cc\/fr\/wp-json\/wp\/v2\/types\/product"}],"replies":[{"embeddable":true,"href":"https:\/\/www.meditech.cc\/fr\/wp-json\/wp\/v2\/comments?post=993"}],"wp:featuredmedia":[{"embeddable":true,"href":"https:\/\/www.meditech.cc\/fr\/wp-json\/wp\/v2\/media\/994"}],"wp:attachment":[{"href":"https:\/\/www.meditech.cc\/fr\/wp-json\/wp\/v2\/media?parent=993"}],"wp:term":[{"taxonomy":"product_brand","embeddable":true,"href":"https:\/\/www.meditech.cc\/fr\/wp-json\/wp\/v2\/product_brand?post=993"},{"taxonomy":"product_cat","embeddable":true,"href":"https:\/\/www.meditech.cc\/fr\/wp-json\/wp\/v2\/product_cat?post=993"},{"taxonomy":"product_tag","embeddable":true,"href":"https:\/\/www.meditech.cc\/fr\/wp-json\/wp\/v2\/product_tag?post=993"}],"curies":[{"name":"wp","href":"https:\/\/api.w.org\/{rel}","templated":true}]}}