{"id":1593,"date":"2025-06-16T09:29:51","date_gmt":"2025-06-16T01:29:51","guid":{"rendered":"https:\/\/test.themepark.com.cn\/?page_id=1593"},"modified":"2025-07-01T09:12:34","modified_gmt":"2025-07-01T01:12:34","slug":"faq","status":"publish","type":"page","link":"https:\/\/www.meditech.cc\/pt\/faq","title":{"rendered":"FAQ"},"content":{"rendered":"<section class=\"wp-block-themepark-block-themepark-area block_layout thempark-block undefined bom10 top50\" id=\"\" style=\"padding-bottom:8px;padding-top:262px;\" data-swiper-parallax=\"-700\"><div class=\"block_layout_in\" style=\"max-width:1403px;\">\n<div class=\"wp-block-column is-vertically-aligned-top block_layout_in is-layout-flow wp-block-column-is-layout-flow\">\n<h2 class=\"wp-block-heading has-text-align-center has-monte-white-color has-text-color has-link-color has-bonkers-font-size wp-elements-93907f979769a2a30703f986deaa0b40\">FAQ<\/h2>\n\n\n\n<div class=\"wp-block-themepark-block-themepark-xian theme_fang_out  top20\" style=\"text-align:left;padding-top:68px;\"><div class=\"fangbox\" style=\"width:undefinedpx;\"><\/div><\/div>\n\n\n\n<div class=\"wp-block-themepark-block-themepark-wright content-super-p\" style=\"font-size:16px;line-height:20px;color:#ffffff;padding:10px 10px;\">\n<div class=\"wp-block-column is-layout-flow wp-block-column-is-layout-flow\">\n <div class=\"block_breadcrumbs\"><div class=\"breadcrumbs\"><nav> <a itemprop=\"breadcrumb\" href=\"https:\/\/www.meditech.cc\/pt\">In\u00edcio<\/a> \/ <span class=\"current\">P\u00e1gina<\/span><\/nav><\/div><\/div>\n<\/div>\n<\/div>\n<\/div>\n<\/div><div class=\"layout_badh\"><div class=\"shizhezhao\" style=\"opacity:0.5;background-color:#000000;\"><\/div><div class=\"PcOnly themepark-block_layout_ba lazyload swiper-lazy\" style=\"background-size:cover;background-position:center top;\" data-background=\"https:\/\/www.meditech.cc\/wp-content\/uploads\/2025\/06\/Discuss-.jpg\"><\/div><div class=\"MovePnly themepark-block_layout_ba lazyload swiper-move-lazy\" style=\"background-size:cover;background-position:center top;\" data-background=\"https:\/\/www.meditech.cc\/wp-content\/uploads\/2025\/06\/3196481.jpg\"><\/div><\/div><\/section>\n\n\n\n<section class=\"wp-block-themepark-block-themepark-area block_layout thempark-block undefined bom15 top15\" id=\"\" style=\"background-color:#ffffff;padding-bottom:63px;padding-top:54px;\" data-swiper-parallax=\"-700\"><div class=\"block_layout_in\" style=\"\">\n<div class=\"wp-block-column block_layout_in is-layout-flow wp-block-column-is-layout-flow\">\n<div class=\"wp-block-columns is-layout-flex wp-container-core-columns-is-layout-9d6595d7 wp-block-columns-is-layout-flex\">\n<div class=\"wp-block-column is-layout-flow wp-block-column-is-layout-flow\">\n<div class=\"wp-block-themepark-block-themepark-wright content-super-p\" style=\"font-size:14px;line-height:25px;color:#666666;background-color:#f0f0f0;padding:10px 10px;\"><b class=\"content-super-p-title\" style=\"font-size:16px;color:#ffffff;background-color:#e21f2f;padding:10px 5px;\"><i class=\"fas fa-question-circle\"><\/i>\u00c9 uma empresa comercial ou um fabricante?<\/b>\n<div class=\"wp-block-column is-layout-flow wp-block-column-is-layout-flow\">\n<p><\/p>\n\n\n\n<p>A \uff1a N\u00f3s somos fabricantes profissionais especializados em produtos de limpeza de sala limpa e kit de limpeza de impressora. E n\u00f3s comercializamos nossos produtos com nossos clientes diretamente.<\/p>\n<\/div>\n<\/div>\n\n\n\n<p><\/p>\n\n\n\n<div class=\"wp-block-themepark-block-themepark-wright content-super-p\" style=\"font-size:14px;line-height:25px;color:#666666;background-color:#f0f0f0;padding:10px 10px;\"><b class=\"content-super-p-title\" style=\"font-size:16px;color:#ffffff;background-color:#e21f2f;padding:10px 5px;\"><i class=\"fas fa-question-circle\"><\/i>Quais s\u00e3o as vossas condi\u00e7\u00f5es de entrega?<\/b>\n<div class=\"wp-block-column is-layout-flow wp-block-column-is-layout-flow\">\n<p><\/p>\n\n\n\n<p>R: Aceitamos EXW, FOB, CFR, CIF, etc. Pode escolher o que for mais conveniente ou mais econ\u00f3mico para si.<\/p>\n<\/div>\n<\/div>\n<\/div>\n\n\n\n<div class=\"wp-block-column is-layout-flow wp-block-column-is-layout-flow\">\n<div class=\"wp-block-themepark-block-themepark-wright content-super-p\" style=\"font-size:14px;line-height:25px;color:#666666;background-color:#f0f0f0;padding:10px 10px;\"><b class=\"content-super-p-title\" style=\"font-size:16px;color:#ffffff;background-color:#e21f2f;padding:10px 5px;\"><i class=\"fas fa-question-circle\"><\/i>Podemos imprimir o nosso pr\u00f3prio log\u00f3tipo?<\/b>\n<div class=\"wp-block-column is-layout-flow wp-block-column-is-layout-flow\">\n<p><\/p>\n\n\n\n<p>A \uff1a Sim, oferecemos servi\u00e7o OEM. O material, cor, estilo pode personalizar, a quantidade b\u00e1sica que iremos aconselhar depois de discutirmos.<\/p>\n<\/div>\n<\/div>\n\n\n\n<p><\/p>\n\n\n\n<div class=\"wp-block-themepark-block-themepark-wright content-super-p\" style=\"font-size:14px;line-height:25px;color:#666666;background-color:#f0f0f0;padding:10px 10px;\"><b class=\"content-super-p-title\" style=\"font-size:16px;color:#ffffff;background-color:#e21f2f;padding:10px 5px;\"><i class=\"fas fa-question-circle\"><\/i>Qual \u00e9 o prazo de entrega?<\/b>\n<div class=\"wp-block-column is-layout-flow wp-block-column-is-layout-flow\">\n<p><\/p>\n\n\n\n<p>R: O prazo de entrega geral \u00e9 de 7 a 15 dias ap\u00f3s a rece\u00e7\u00e3o da confirma\u00e7\u00e3o da encomenda. Se tivermos os produtos em stock, o prazo de entrega ser\u00e1 de 3 a 7 dias.<\/p>\n<\/div>\n<\/div>\n<\/div>\n\n\n\n<div class=\"wp-block-column is-layout-flow wp-block-column-is-layout-flow\">\n<div class=\"wp-block-themepark-block-themepark-wright content-super-p\" style=\"font-size:14px;line-height:25px;color:#666666;background-color:#f0f0f0;padding:10px 10px;\"><b class=\"content-super-p-title\" style=\"font-size:16px;color:#ffffff;background-color:#e21f2f;padding:10px 5px;\"><i class=\"fas fa-question-circle\"><\/i>Fornecem amostras?<\/b>\n<div class=\"wp-block-column is-layout-flow wp-block-column-is-layout-flow\">\n<p><\/p>\n\n\n\n<p>R: Sim, n\u00f3s fornecemos amostra e o custo da amostra ser\u00e1 devolvido a voc\u00ea quando confirmar o pedido.<\/p>\n<\/div>\n<\/div>\n\n\n\n<p><\/p>\n\n\n\n<div class=\"wp-block-themepark-block-themepark-wright content-super-p\" style=\"font-size:14px;line-height:25px;color:#666666;background-color:#f0f0f0;padding:10px 10px;\"><b class=\"content-super-p-title\" style=\"font-size:16px;color:#ffffff;background-color:#e21f2f;padding:10px 5px;\"><i class=\"fas fa-question-circle\"><\/i>Podemos visitar a vossa f\u00e1brica antes de fazer a encomenda?<\/b>\n<div class=\"wp-block-column is-layout-flow wp-block-column-is-layout-flow\">\n<p><\/p>\n\n\n\n<p>R: Sim, muito bem-vindo, deve ser bom estabelecer boas rela\u00e7\u00f5es comerciais.<\/p>\n<\/div>\n<\/div>\n<\/div>\n<\/div>\n<\/div>\n<a class=\"bttombtn2\" href=\"https:\/\/www.meditech.cc\/pt\/contact-us\/\"><span style=\"background:#e21f2f;\">Para mais perguntas, contacte-nos!<\/span><\/a><\/div><div class=\"layout_badh\"><\/div><\/section>\n\n\n\n<p><\/p>","protected":false},"excerpt":{"rendered":"","protected":false},"author":1,"featured_media":0,"parent":0,"menu_order":0,"comment_status":"closed","ping_status":"closed","template":"","meta":{"themepark_post_bcolor":"#f5f5f5","themepark_post_width":"100%","themepark_post_img":"","themepark_post_img_po":"left","themepark_post_img_re":false,"themepark_post_img_cover":false,"themepark_post_img_fixed":false,"themepark_post_hide_title":true,"themepark_post_main_b":"","themepark_post_main_p":100,"themepark_paddingblock":true,"footnotes":""},"class_list":["post-1593","page","type-page","status-publish","hentry"],"_links":{"self":[{"href":"https:\/\/www.meditech.cc\/pt\/wp-json\/wp\/v2\/pages\/1593","targetHints":{"allow":["GET"]}}],"collection":[{"href":"https:\/\/www.meditech.cc\/pt\/wp-json\/wp\/v2\/pages"}],"about":[{"href":"https:\/\/www.meditech.cc\/pt\/wp-json\/wp\/v2\/types\/page"}],"author":[{"embeddable":true,"href":"https:\/\/www.meditech.cc\/pt\/wp-json\/wp\/v2\/users\/1"}],"replies":[{"embeddable":true,"href":"https:\/\/www.meditech.cc\/pt\/wp-json\/wp\/v2\/comments?post=1593"}],"version-history":[{"count":2,"href":"https:\/\/www.meditech.cc\/pt\/wp-json\/wp\/v2\/pages\/1593\/revisions"}],"predecessor-version":[{"id":2605,"href":"https:\/\/www.meditech.cc\/pt\/wp-json\/wp\/v2\/pages\/1593\/revisions\/2605"}],"wp:attachment":[{"href":"https:\/\/www.meditech.cc\/pt\/wp-json\/wp\/v2\/media?parent=1593"}],"curies":[{"name":"wp","href":"https:\/\/api.w.org\/{rel}","templated":true}]}}