{"id":1622,"date":"2025-06-16T14:52:12","date_gmt":"2025-06-16T06:52:12","guid":{"rendered":"https:\/\/test.themepark.com.cn\/?page_id=1622"},"modified":"2025-06-16T14:52:12","modified_gmt":"2025-06-16T06:52:12","slug":"application","status":"publish","type":"page","link":"https:\/\/www.meditech.cc\/pt\/application","title":{"rendered":"Aplica\u00e7\u00e3o"},"content":{"rendered":"<section class=\"wp-block-themepark-block-themepark-area block_layout thempark-block undefined bom10 top50\" id=\"\" style=\"padding-bottom:8px;padding-top:262px;\" data-swiper-parallax=\"-700\"><div class=\"block_layout_in\" style=\"\">\n<div class=\"wp-block-column block_layout_in is-layout-flow wp-block-column-is-layout-flow\">\n<h1 class=\"wp-block-heading has-text-align-center has-monte-white-color has-text-color has-bonkers-font-size\">IND\u00daSTRIA DE APLICA\u00c7\u00c3O<\/h1>\n\n\n\n<div class=\"wp-block-themepark-block-themepark-xian theme_fang_out  top20\" style=\"text-align:left;padding-top:128px;\"><div class=\"fangbox\" style=\"width:undefinedpx;\"><\/div><\/div>\n\n\n\n<div class=\"wp-block-themepark-block-themepark-wright content-super-p\" style=\"font-size:16px;line-height:20px;color:#ffffff;padding:10px 10px;\">\n<div class=\"wp-block-column is-layout-flow wp-block-column-is-layout-flow\">\n <div class=\"block_breadcrumbs\"><div class=\"breadcrumbs\"><nav> <a itemprop=\"breadcrumb\" href=\"https:\/\/www.meditech.cc\/pt\">In\u00edcio<\/a> \/ <span class=\"current\">P\u00e1gina<\/span><\/nav><\/div><\/div>\n<\/div>\n<\/div>\n<\/div>\n<\/div><div class=\"layout_badh\"><div class=\"shizhezhao\" style=\"opacity:0.5;background-color:#000000;\"><\/div><div class=\"PcOnly themepark-block_layout_ba lazyload swiper-lazy\" style=\"background-repeat:no-repeat;background-size:cover;background-position:center;\" data-background=\"https:\/\/www.meditech.cc\/wp-content\/uploads\/2025\/06\/Printing-Industry.jpg\"><\/div><div class=\"MovePnly themepark-block_layout_ba lazyload swiper-move-lazy\" style=\"background-repeat:no-repeat;background-size:cover;background-position:center;\" data-background=\"https:\/\/www.meditech.cc\/wp-content\/uploads\/2025\/06\/printer-cleaning-1.jpg\"><\/div><\/div><\/section>\n\n\n\n<section class=\"wp-block-themepark-block-themepark-area block_layout thempark-block undefined\" id=\"\" style=\"background-color:#ffffff;padding-top:35px;\" data-swiper-parallax=\"-700\"><div class=\"block_layout_in\" style=\"\"><div class=\"post_in_list_head modle_title3\"><h3><span style=\"color:#e21f2f;\" class=\"main-title has-large-font-size\">Compreender as diferentes \u00e1reas de aplica\u00e7\u00e3o do produto<\/span><\/h3><div class=\"title_boout\"><div class=\"title_bo\" style=\"\"><\/div><\/div><font class=\"titletext\" style=\"font-size:16px;\"><span>Adequado para a limpeza de impressoras, placas PCB, componentes electr\u00f3nicos, lentes \u00f3pticas, instrumentos de precis\u00e3o e outras \u00e1reas de aplica\u00e7\u00e3o.<\/span><\/font><\/div>\n<div class=\"wp-block-column block_layout_in is-layout-flow wp-block-column-is-layout-flow\">\n<section class=\"wp-block-themepark-block-themepark-listul thempark-block list_ul_box_out  Effect1 undefined\" style=\"undefined\" swlist=\"5\" progresseffect=\"4\" autoplays=\"3\" line=\"1\" loops=\"yes\"><div class=\"swiper-container showslidebox_out  showslidebox_full\"><div class=\"swiper-wrapper\"><div class=\"swiper-slide listul_box\" style=\"border-radius:5px;overflow: hidden;;\"><a class=\"listul_box_img\" style=\"\"><div style=\"\" class=\"listulpic\"><img loading=\"lazy\" decoding=\"async\" class=\"swiper-lazy swiper-move-lazy lazyload\" data-src=\"https:\/\/www.meditech.cc\/wp-content\/uploads\/2025\/06\/Card-Printer.jpg\" src=\"https:\/\/www.meditech.cc\/wp-content\/themes\/smartenterprise-shop\/images\/loading3.png\" alt=\"Ind\u00fastria gr\u00e1fica\" width=\"400\" height=\"580\"\/><\/div><div class=\"zhezhao\"><\/div><div class=\"listul_box_text\" style=\"padding-top:38%;text-align:center;\"><h3 class=\"pcimg_title\" style=\"font-size:21px;color:#ffffff;\"><span>Ind\u00fastria gr\u00e1fica<\/span><\/h3><font class=\"pcimg_dis\" style=\"font-size:14px;color:#ffffff;\"><span>Limpar a cabe\u00e7a de impress\u00e3o e os componentes internos<\/span><\/font><span class=\"pcimg_btn\" style=\"background:#e21f2f;\">Ver mais<\/span><\/div><\/a><\/div><div class=\"swiper-slide listul_box\" style=\"border-radius:5px;overflow: hidden;;\"><a class=\"listul_box_img\" style=\"\"><div style=\"\" class=\"listulpic\"><img loading=\"lazy\" decoding=\"async\" class=\"swiper-lazy swiper-move-lazy lazyload\" data-src=\"https:\/\/www.meditech.cc\/wp-content\/uploads\/2025\/06\/Optical-Lens.jpg\" src=\"https:\/\/www.meditech.cc\/wp-content\/themes\/smartenterprise-shop\/images\/loading3.png\" alt=\"Lente \u00f3tica\" width=\"400\" height=\"580\"\/><\/div><div class=\"zhezhao\"><\/div><div class=\"listul_box_text\" style=\"padding-top:38%;text-align:center;\"><h3 class=\"pcimg_title\" style=\"font-size:21px;color:#ffffff;\"><span>Lente \u00f3tica<\/span><\/h3><font class=\"pcimg_dis\" style=\"font-size:14px;color:#ffffff;\"><span>Limpeza de lentes de c\u00e2maras e equipamento \u00f3tico<\/span><\/font><span class=\"pcimg_btn\" style=\"background:#e21f2f;\">Ver mais<\/span><\/div><\/a><\/div><div class=\"swiper-slide listul_box\" style=\"border-radius:5px;overflow: hidden;;\"><a class=\"listul_box_img\" style=\"\"><div style=\"\" class=\"listulpic\"><img loading=\"lazy\" decoding=\"async\" class=\"swiper-lazy swiper-move-lazy lazyload\" data-src=\"https:\/\/www.meditech.cc\/wp-content\/uploads\/2025\/06\/Electronics.jpg\" src=\"https:\/\/www.meditech.cc\/wp-content\/themes\/smartenterprise-shop\/images\/loading3.png\" alt=\"Eletr\u00f3nica\" width=\"400\" height=\"580\"\/><\/div><div class=\"zhezhao\"><\/div><div class=\"listul_box_text\" style=\"padding-top:38%;text-align:center;\"><h3 class=\"pcimg_title\" style=\"font-size:21px;color:#ffffff;\"><span>Eletr\u00f3nica<\/span><\/h3><font class=\"pcimg_dis\" style=\"font-size:14px;color:#ffffff;\"><span>Telem\u00f3veis, computadores, televisores e outros dispositivos electr\u00f3nicos<\/span><\/font><span class=\"pcimg_btn\" style=\"background:#e21f2f;\">Ver mais<\/span><\/div><\/a><\/div><div class=\"swiper-slide listul_box\" style=\"border-radius:5px;overflow: hidden;;\"><a class=\"listul_box_img\" style=\"\"><div style=\"\" class=\"listulpic\"><img loading=\"lazy\" decoding=\"async\" class=\"swiper-lazy swiper-move-lazy lazyload\" data-src=\"https:\/\/www.meditech.cc\/wp-content\/uploads\/2025\/06\/Aerospace.jpg\" src=\"https:\/\/www.meditech.cc\/wp-content\/themes\/smartenterprise-shop\/images\/loading3.png\" alt=\"Aeroespacial\" width=\"400\" height=\"580\"\/><\/div><div class=\"zhezhao\"><\/div><div class=\"listul_box_text\" style=\"padding-top:38%;text-align:center;\"><h3 class=\"pcimg_title\" style=\"font-size:21px;color:#ffffff;\"><span>Aeroespacial<\/span><\/h3><font class=\"pcimg_dis\" style=\"font-size:14px;color:#ffffff;\"><span>Limpeza de instrumentos de precis\u00e3o<\/span><\/font><span class=\"pcimg_btn\" style=\"background:#e21f2f;\">Ver mais<\/span><\/div><\/a><\/div><div class=\"swiper-slide listul_box\" style=\"border-radius:5px;overflow: hidden;;\"><a class=\"listul_box_img\" style=\"\"><div style=\"\" class=\"listulpic\"><img loading=\"lazy\" decoding=\"async\" class=\"swiper-lazy swiper-move-lazy lazyload\" data-src=\"https:\/\/www.meditech.cc\/wp-content\/uploads\/2025\/06\/POS.jpg\" src=\"https:\/\/www.meditech.cc\/wp-content\/themes\/smartenterprise-shop\/images\/loading3.png\" alt=\"Bancos\" width=\"400\" height=\"580\"\/><\/div><div class=\"zhezhao\"><\/div><div class=\"listul_box_text\" style=\"padding-top:38%;text-align:center;\"><h3 class=\"pcimg_title\" style=\"font-size:21px;color:#ffffff;\"><span>Bancos<\/span><\/h3><font class=\"pcimg_dis\" style=\"font-size:14px;color:#ffffff;\"><span>Scanners de cheques, aceitadores de notas, contadores de moedas e leitores de cart\u00f5es<\/span><\/font><span class=\"pcimg_btn\" style=\"background:#e21f2f;\">Ver mais<\/span><\/div><\/a><\/div><div class=\"swiper-slide listul_box\" style=\"border-radius:5px;overflow: hidden;;\"><a class=\"listul_box_img\" style=\"\"><div style=\"\" class=\"listulpic\"><img loading=\"lazy\" decoding=\"async\" class=\"swiper-lazy swiper-move-lazy lazyload\" data-src=\"https:\/\/www.meditech.cc\/wp-content\/uploads\/2025\/06\/Medical-Laboratory.jpg\" src=\"https:\/\/www.meditech.cc\/wp-content\/themes\/smartenterprise-shop\/images\/loading3.png\" alt=\"Laborat\u00f3rio m\u00e9dico\" width=\"400\" height=\"580\"\/><\/div><div class=\"zhezhao\"><\/div><div class=\"listul_box_text\" style=\"padding-top:38%;text-align:center;\"><h3 class=\"pcimg_title\" style=\"font-size:21px;color:#ffffff;\"><span>Laborat\u00f3rio m\u00e9dico<\/span><\/h3><font class=\"pcimg_dis\" style=\"font-size:14px;color:#ffffff;\"><span>Medicina e laborat\u00f3rio<\/span><span>Limpeza \/ Amostragem <\/span><\/font><span class=\"pcimg_btn\" style=\"background:#e21f2f;\">Ver mais<\/span><\/div><\/a><\/div><\/div><div class=\"pagination\"><\/div><span class=\"swiper-next\" style=\"\"><i class=\"fas fa-angle-right\"><\/i><\/span><span class=\"swiper-prev\" style=\"\"><i class=\"fas fa-angle-left\"><\/i><\/span><\/div><\/section>\n\n\n\n<p><\/p>\n<\/div>\n<\/div><div class=\"layout_badh\"><div class=\"PcOnly themepark-block_layout_ba lazyload swiper-lazy\" style=\"background-repeat:no-repeat;background-position:center;\" data-background=\"http:\/\/data.themepark.com.cn\/2021\/n\/smartenterprise_data\/qy10\/uploads\/2021\/11\/BB.jpg\"><\/div><div class=\"MovePnly themepark-block_layout_ba lazyload swiper-move-lazy\" style=\"background-repeat:no-repeat;background-position:center;\" data-background=\"http:\/\/data.themepark.com.cn\/2021\/n\/smartenterprise_data\/qy10\/uploads\/2021\/11\/BB.jpg\"><\/div><\/div><\/section>\n\n\n\n<p><\/p>","protected":false},"excerpt":{"rendered":"","protected":false},"author":1,"featured_media":0,"parent":0,"menu_order":0,"comment_status":"closed","ping_status":"closed","template":"","meta":{"themepark_post_bcolor":"#f5f5f5","themepark_post_width":"100% dong","themepark_post_img":"","themepark_post_img_po":"left","themepark_post_img_re":false,"themepark_post_img_cover":false,"themepark_post_img_fixed":false,"themepark_post_hide_title":true,"themepark_post_main_b":"","themepark_post_main_p":100,"themepark_paddingblock":true,"footnotes":""},"class_list":["post-1622","page","type-page","status-publish","hentry"],"_links":{"self":[{"href":"https:\/\/www.meditech.cc\/pt\/wp-json\/wp\/v2\/pages\/1622","targetHints":{"allow":["GET"]}}],"collection":[{"href":"https:\/\/www.meditech.cc\/pt\/wp-json\/wp\/v2\/pages"}],"about":[{"href":"https:\/\/www.meditech.cc\/pt\/wp-json\/wp\/v2\/types\/page"}],"author":[{"embeddable":true,"href":"https:\/\/www.meditech.cc\/pt\/wp-json\/wp\/v2\/users\/1"}],"replies":[{"embeddable":true,"href":"https:\/\/www.meditech.cc\/pt\/wp-json\/wp\/v2\/comments?post=1622"}],"version-history":[{"count":0,"href":"https:\/\/www.meditech.cc\/pt\/wp-json\/wp\/v2\/pages\/1622\/revisions"}],"wp:attachment":[{"href":"https:\/\/www.meditech.cc\/pt\/wp-json\/wp\/v2\/media?parent=1622"}],"curies":[{"name":"wp","href":"https:\/\/api.w.org\/{rel}","templated":true}]}}