{"id":1009,"date":"2025-06-13T10:43:39","date_gmt":"2025-06-13T02:43:39","guid":{"rendered":"https:\/\/test.themepark.com.cn\/product\/cleanroom-foam-swab-fs712\/"},"modified":"2025-08-19T10:10:16","modified_gmt":"2025-08-19T02:10:16","slug":"cleanroom-foam-swab-fs712","status":"publish","type":"product","link":"https:\/\/www.meditech.cc\/pt\/cleanroom-foam-swab-fs712","title":{"rendered":"Esfrega\u00e7o de espuma para salas limpas FS712"},"content":{"rendered":"<div style=\"margin-left: 40px;\">\n<p><span style=\"font-size: 14px;\"><span style=\"font-family: arial;\"><strong>Esfrega\u00e7o de espuma para salas limpas FS712 com<\/strong> <strong>Cabe\u00e7a retangular rigidamente selada ao cabo longo e compacto<\/strong><\/span><\/span><\/p>\n<p><strong>Meditech\u2019s Cleanroom Foam Swab FS712 <\/strong>apresenta uma cabe\u00e7a retangular rigidamente selada a uma pega longa e compacta, formando um apoio firme no amortecimento da espuma. A sua cabe\u00e7a de espuma de poliuretano de c\u00e9lulas fechadas possui uma excelente capacidade de reten\u00e7\u00e3o de solventes e durabilidade.<br \/>\n<span style=\"font-size: 14px;\"><span style=\"font-family: arial;\">Esfrega\u00e7o de espuma para salas limpas FS712<\/span><\/span> foi especificamente concebido para a limpeza de grandes superf\u00edcies para fins gerais. Excelente escolha para a limpeza de cabe\u00e7as de impress\u00e3o t\u00e9rmica, rolos de transporte de leitores ou scanners de cheques, sensores opto-electr\u00f3nicos e cabe\u00e7as de impress\u00e3o de jato de tinta.<br \/>\nTamb\u00e9m pode ser utilizado na aplica\u00e7\u00e3o de compressas m\u00e9dicas anti-s\u00e9pticas.<br \/>\nO cabo longo e r\u00edgido em polipropileno proporciona um bom controlo e facilidade de utiliza\u00e7\u00e3o.<\/p>\n<h2>Carater\u00edsticas:<\/h2>\n<p>- Isento de contamina\u00e7\u00e3o org\u00e2nica, como silicone, amida e DOP.<br \/>\n- Baixo teor de res\u00edduos n\u00e3o vol\u00e1teis, NVR<br \/>\n- Baixo teor de part\u00edculas e de i\u00f5es.<br \/>\n- Est\u00e1 dispon\u00edvel a op\u00e7\u00e3o de pega dissipadora de est\u00e1tica permanente segura ESD<br \/>\n- Cabe\u00e7a de espuma termicamente ligada.<br \/>\n- Elevada capacidade de reten\u00e7\u00e3o de solventes, ponta compacta e n\u00e3o abrasiva.<br \/>\n- Compat\u00edvel com os solventes mais comuns.<br \/>\n- Design : Cabe\u00e7a grande retangular com cabo longo, r\u00edgido e compacto<\/p>\n<p>&nbsp;<\/p>\n<h2>Aplica\u00e7\u00f5es:<\/h2>\n<p>- Limpeza de grandes superf\u00edcies, especialmente na cabe\u00e7a de impress\u00e3o t\u00e9rmica, na cabe\u00e7a de impress\u00e3o a jato de tinta, nos rolos de transporte do scanner \/ leitor de cheques e nos sensores opto-electr\u00f3nicos.<br \/>\n- Aplica\u00e7\u00e3o de lubrificantes ou outros l\u00edquidos<br \/>\n- Remover os res\u00edduos de fluxo e os materiais em excesso.<br \/>\n- Para limpeza geral.<\/p>\n<p>&nbsp;<\/p>\n<h2>Embalagem:<\/h2>\n<p>100 cotonetes\/saco;<br \/>\n2 sacos interiores de 50 cotonetes;<br \/>\n50 sacos\/caixa<\/p>\n<\/div>","protected":false},"excerpt":{"rendered":"[tp_attributes num_attributes=\"105\"]","protected":false},"featured_media":1010,"comment_status":"closed","ping_status":"closed","template":"","meta":{"themepark_post_bcolor":"#f5f5f5","themepark_post_width":"1022px","themepark_post_img":"","themepark_post_img_po":"left","themepark_post_img_re":false,"themepark_post_img_cover":false,"themepark_post_img_fixed":false,"themepark_post_hide_title":false,"themepark_post_main_b":"","themepark_post_main_p":100,"themepark_paddingblock":false},"product_brand":[],"product_cat":[26,33],"product_tag":[73,71,70,72],"class_list":{"0":"post-1009","1":"product","2":"type-product","3":"status-publish","4":"has-post-thumbnail","6":"product_cat-cleanroom-swabs","7":"product_cat-foam-swabs","8":"product_tag-cleanroom-foam-swab","9":"product_tag-cleanroom-swab","10":"product_tag-dust-free-swab","11":"product_tag-foam-swab","13":"first","14":"instock","15":"product-type-simple"},"_links":{"self":[{"href":"https:\/\/www.meditech.cc\/pt\/wp-json\/wp\/v2\/product\/1009","targetHints":{"allow":["GET"]}}],"collection":[{"href":"https:\/\/www.meditech.cc\/pt\/wp-json\/wp\/v2\/product"}],"about":[{"href":"https:\/\/www.meditech.cc\/pt\/wp-json\/wp\/v2\/types\/product"}],"replies":[{"embeddable":true,"href":"https:\/\/www.meditech.cc\/pt\/wp-json\/wp\/v2\/comments?post=1009"}],"wp:featuredmedia":[{"embeddable":true,"href":"https:\/\/www.meditech.cc\/pt\/wp-json\/wp\/v2\/media\/1010"}],"wp:attachment":[{"href":"https:\/\/www.meditech.cc\/pt\/wp-json\/wp\/v2\/media?parent=1009"}],"wp:term":[{"taxonomy":"product_brand","embeddable":true,"href":"https:\/\/www.meditech.cc\/pt\/wp-json\/wp\/v2\/product_brand?post=1009"},{"taxonomy":"product_cat","embeddable":true,"href":"https:\/\/www.meditech.cc\/pt\/wp-json\/wp\/v2\/product_cat?post=1009"},{"taxonomy":"product_tag","embeddable":true,"href":"https:\/\/www.meditech.cc\/pt\/wp-json\/wp\/v2\/product_tag?post=1009"}],"curies":[{"name":"wp","href":"https:\/\/api.w.org\/{rel}","templated":true}]}}