{"id":1011,"date":"2025-06-13T10:43:39","date_gmt":"2025-06-13T02:43:39","guid":{"rendered":"https:\/\/test.themepark.com.cn\/product\/cleanroom-foam-swab-fs740\/"},"modified":"2025-07-09T17:25:45","modified_gmt":"2025-07-09T09:25:45","slug":"cleanroom-foam-swab-fs740","status":"publish","type":"product","link":"https:\/\/www.meditech.cc\/pt\/cleanroom-foam-swab-fs740","title":{"rendered":"Esfrega\u00e7o de espuma para salas limpas FS740"},"content":{"rendered":"<div style=\"margin-left: 40px;\"><span style=\"font-size: 14px;\"><span style=\"color: #000080;\">Zaragatoa de espuma m\u00e9dia da Meditech<\/span> A FS740 possui uma cabe\u00e7a de p\u00e1 interna flex\u00edvel com uma pega longa que proporciona um bom apoio e amortecimento. \u00c9 fabricada com espuma de poliuretano de c\u00e9lulas abertas de 100 ppi e \u00e9 a zaragatoa ideal para eliminar eficazmente a contamina\u00e7\u00e3o em superf\u00edcies e \u00e1reas de dif\u00edcil acesso. A sua cabe\u00e7a de espuma lavada em sala limpa possui uma elevada capacidade de solvente.<br \/>\nO esfrega\u00e7o de espuma com p\u00e1 flex\u00edvel FS740 est\u00e1 isento de contaminantes org\u00e2nicos, tais como silicone, amida e \u00e9steres de ftalato.<br \/>\nApresenta um teor muito baixo de res\u00edduos n\u00e3o vol\u00e1teis (NVR), de i\u00f5es e de part\u00edculas. Esta zaragatoa de espuma para salas limpas pode substituir as t\u00edpicas zaragatoas de algod\u00e3o de cabo longo em aplica\u00e7\u00f5es que exijam uma limpeza superior.<br \/>\n<\/span><\/div>\n<h2 style=\"margin-left: 40px;\"><span style=\"font-size: 14px;\">Carater\u00edsticas:<\/span><\/h2>\n<div style=\"margin-left: 40px;\"><span style=\"font-size: 14px;\">- Isento de silicone, amida e DOP.<br \/>\n- Baixo teor de part\u00edculas, teor de i\u00f5es e res\u00edduos n\u00e3o vol\u00e1teis.<br \/>\n- O punho dissipador de est\u00e1tica permanente com seguran\u00e7a ESD est\u00e1 dispon\u00edvel como op\u00e7\u00e3o.<br \/>\n- Cabe\u00e7a de espuma termicamente ligada.<br \/>\n- Elevada capacidade solvente, suave e n\u00e3o abrasiva.<br \/>\n- Compat\u00edvel com os solventes mais comuns.<br \/>\n- Design: P\u00e1 de cabe\u00e7a flex\u00edvel com pega longa<br \/>\n- Dispon\u00edvel em cabo de 3,5\" para poupan\u00e7a econ\u00f3mica.<\/span><\/div>\n<h2 style=\"margin-left: 40px;\"><span style=\"font-size: 14px;\">\u00a0Aplica\u00e7\u00f5es:<\/span><\/h2>\n<div style=\"margin-left: 40px;\"><span style=\"font-size: 14px;\">- Limpeza com solventes como o IPA.<br \/>\n- Limpeza de superf\u00edcies e zonas de dif\u00edcil acesso.<br \/>\n- Aplica\u00e7\u00e3o de lubrificantes ou outros l\u00edquidos<br \/>\n- Remover os res\u00edduos de fluxo e os materiais em excesso.<br \/>\n- Para limpeza geral.<\/span><\/div>\n<h2 style=\"margin-left: 40px;\"><span style=\"font-size: 14px;\">\u00a0Embalagem:<\/span><\/h2>\n<div style=\"margin-left: 40px;\"><span style=\"font-size: 14px;\">500 cotonetes\/saco;<br \/>\n5 sacos interiores de 100 esfrega\u00e7os;<br \/>\n30 sacos\/caixa<\/p>\n<p><\/span><\/div>","protected":false},"excerpt":{"rendered":"[tp_attributes num_attributes=\"105\"]","protected":false},"featured_media":1012,"comment_status":"closed","ping_status":"closed","template":"","meta":{"themepark_post_bcolor":"#f5f5f5","themepark_post_width":"1022px","themepark_post_img":"","themepark_post_img_po":"left","themepark_post_img_re":false,"themepark_post_img_cover":false,"themepark_post_img_fixed":false,"themepark_post_hide_title":false,"themepark_post_main_b":"","themepark_post_main_p":100,"themepark_paddingblock":false},"product_brand":[],"product_cat":[26,33],"product_tag":[74,78,79,80],"class_list":{"0":"post-1011","1":"product","2":"type-product","3":"status-publish","4":"has-post-thumbnail","6":"product_cat-cleanroom-swabs","7":"product_cat-foam-swabs","8":"product_tag-cleaning-swab","9":"product_tag-cleanroom-foam-swabs","10":"product_tag-lint-free-swab","11":"product_tag-q-tip","13":"first","14":"instock","15":"product-type-simple"},"_links":{"self":[{"href":"https:\/\/www.meditech.cc\/pt\/wp-json\/wp\/v2\/product\/1011","targetHints":{"allow":["GET"]}}],"collection":[{"href":"https:\/\/www.meditech.cc\/pt\/wp-json\/wp\/v2\/product"}],"about":[{"href":"https:\/\/www.meditech.cc\/pt\/wp-json\/wp\/v2\/types\/product"}],"replies":[{"embeddable":true,"href":"https:\/\/www.meditech.cc\/pt\/wp-json\/wp\/v2\/comments?post=1011"}],"wp:featuredmedia":[{"embeddable":true,"href":"https:\/\/www.meditech.cc\/pt\/wp-json\/wp\/v2\/media\/1012"}],"wp:attachment":[{"href":"https:\/\/www.meditech.cc\/pt\/wp-json\/wp\/v2\/media?parent=1011"}],"wp:term":[{"taxonomy":"product_brand","embeddable":true,"href":"https:\/\/www.meditech.cc\/pt\/wp-json\/wp\/v2\/product_brand?post=1011"},{"taxonomy":"product_cat","embeddable":true,"href":"https:\/\/www.meditech.cc\/pt\/wp-json\/wp\/v2\/product_cat?post=1011"},{"taxonomy":"product_tag","embeddable":true,"href":"https:\/\/www.meditech.cc\/pt\/wp-json\/wp\/v2\/product_tag?post=1011"}],"curies":[{"name":"wp","href":"https:\/\/api.w.org\/{rel}","templated":true}]}}