{"id":1015,"date":"2025-06-13T10:44:41","date_gmt":"2025-06-13T02:44:41","guid":{"rendered":"https:\/\/test.themepark.com.cn\/product\/cleanroom-foam-swab-fs751\/"},"modified":"2025-08-19T10:21:17","modified_gmt":"2025-08-19T02:21:17","slug":"cleanroom-foam-swab-fs751","status":"publish","type":"product","link":"https:\/\/www.meditech.cc\/pt\/cleanroom-foam-swab-fs751","title":{"rendered":"Esfrega\u00e7o de espuma para salas limpas FS751"},"content":{"rendered":"<div style=\"margin-left: 40px;\"><span style=\"font-size: 14px;\"><span style=\"font-size: 14px;\"><span style=\"font-family: arial;\"><strong>Esfrega\u00e7o de espuma para salas limpas FS751<\/strong><br \/>\nPequena zaragatoa de espuma comprimida com pega de cabe\u00e7a interna c\u00f3nica r\u00edgida e compacta.<\/span><\/span><\/span>Pequeno comprimido da Meditech <a href=\"https:\/\/www.meditech.cc\/pt\/cleanroom-swabs\/foam-swabs\/\"><span style=\"color: #000080;\">Cotonete de espuma<\/span><\/a> A FS751 \u00e9 uma excelente zaragatoa para limpeza. Possui uma cabe\u00e7a de espuma de poliuretano de c\u00e9lula aberta de 100 ppi (Z), lavada em sala limpa, que possui uma elevada capacidade de solvente e um bom amortecimento. Possui uma pega interna c\u00f3nica r\u00edgida e compacta que proporciona um apoio est\u00e1vel na limpeza de pequenas \u00e1reas com ranhuras e ranhuras.<br \/>\nAs Zaragatoas de Espuma Universal FS751 n\u00e3o cont\u00eam contaminantes org\u00e2nicos, tais como silicone, amida e \u00e9steres de ftalato.<br \/>\nApresenta um teor muito baixo de res\u00edduos n\u00e3o vol\u00e1teis (NVR), de i\u00f5es e de part\u00edculas.<br \/>\nAs zaragatoas universais opcionais FS751E s\u00e3o excelentes para limpar componentes sens\u00edveis \u00e0 est\u00e1tica.<\/div>\n<div><\/div>\n<div style=\"margin-left: 40px;\"><strong>Carater\u00edsticas:<\/strong><br \/>\n- Isento de silicone, amida e DOP.<br \/>\n- Baixo teor de part\u00edculas e de i\u00f5es.<br \/>\n- Pega segura ESD (opcional)<br \/>\n- Cabe\u00e7a de espuma termicamente ligada.<br \/>\n- Elevada capacidade solvente, suave e n\u00e3o abrasiva.<br \/>\n- Compat\u00edvel com os solventes mais comuns<br \/>\n- Design: Cabe\u00e7a r\u00edgida com pega compacta<\/div>\n<div><\/div>\n<div style=\"margin-left: 40px;\"><strong>Aplica\u00e7\u00f5es:<\/strong><br \/>\n- Limpeza com solventes como o IPA.<br \/>\n- Limpeza de \u00e1reas pequenas e confinadas.<br \/>\n- Aplica\u00e7\u00e3o de lubrificantes ou outros l\u00edquidos<br \/>\n- Remover os res\u00edduos de fluxo e os materiais em excesso.<br \/>\n- Para limpeza geral.<\/div>\n<div><\/div>\n<div style=\"margin-left: 40px;\"><strong>Embalagem:<\/strong><br \/>\n500 cotonetes\/saco;<br \/>\n5 sacos interiores de 100 esfrega\u00e7os;<br \/>\n100 sacos\/caixa<\/div>","protected":false},"excerpt":{"rendered":"[tp_attributes num_attributes=\"105\"]","protected":false},"featured_media":1016,"comment_status":"closed","ping_status":"closed","template":"","meta":{"themepark_post_bcolor":"#f5f5f5","themepark_post_width":"1022px","themepark_post_img":"","themepark_post_img_po":"left","themepark_post_img_re":false,"themepark_post_img_cover":false,"themepark_post_img_fixed":false,"themepark_post_hide_title":false,"themepark_post_main_b":"","themepark_post_main_p":100,"themepark_paddingblock":false},"product_brand":[],"product_cat":[26,33],"product_tag":[74,73,71,79],"class_list":{"0":"post-1015","1":"product","2":"type-product","3":"status-publish","4":"has-post-thumbnail","6":"product_cat-cleanroom-swabs","7":"product_cat-foam-swabs","8":"product_tag-cleaning-swab","9":"product_tag-cleanroom-foam-swab","10":"product_tag-cleanroom-swab","11":"product_tag-lint-free-swab","13":"first","14":"instock","15":"product-type-simple"},"_links":{"self":[{"href":"https:\/\/www.meditech.cc\/pt\/wp-json\/wp\/v2\/product\/1015","targetHints":{"allow":["GET"]}}],"collection":[{"href":"https:\/\/www.meditech.cc\/pt\/wp-json\/wp\/v2\/product"}],"about":[{"href":"https:\/\/www.meditech.cc\/pt\/wp-json\/wp\/v2\/types\/product"}],"replies":[{"embeddable":true,"href":"https:\/\/www.meditech.cc\/pt\/wp-json\/wp\/v2\/comments?post=1015"}],"wp:featuredmedia":[{"embeddable":true,"href":"https:\/\/www.meditech.cc\/pt\/wp-json\/wp\/v2\/media\/1016"}],"wp:attachment":[{"href":"https:\/\/www.meditech.cc\/pt\/wp-json\/wp\/v2\/media?parent=1015"}],"wp:term":[{"taxonomy":"product_brand","embeddable":true,"href":"https:\/\/www.meditech.cc\/pt\/wp-json\/wp\/v2\/product_brand?post=1015"},{"taxonomy":"product_cat","embeddable":true,"href":"https:\/\/www.meditech.cc\/pt\/wp-json\/wp\/v2\/product_cat?post=1015"},{"taxonomy":"product_tag","embeddable":true,"href":"https:\/\/www.meditech.cc\/pt\/wp-json\/wp\/v2\/product_tag?post=1015"}],"curies":[{"name":"wp","href":"https:\/\/api.w.org\/{rel}","templated":true}]}}