{"id":1021,"date":"2025-06-13T10:44:41","date_gmt":"2025-06-13T02:44:41","guid":{"rendered":"https:\/\/test.themepark.com.cn\/product\/cleanroom-foam-swab-fs757\/"},"modified":"2025-08-19T10:22:01","modified_gmt":"2025-08-19T02:22:01","slug":"cleanroom-foam-swab-fs757","status":"publish","type":"product","link":"https:\/\/www.meditech.cc\/pt\/cleanroom-foam-swab-fs757","title":{"rendered":"Esfrega\u00e7o de espuma para salas limpas FS757"},"content":{"rendered":"<div style=\"margin-left: 40px;\"><span style=\"font-size: 14px;\"><span style=\"font-size: 14px;\"><span style=\"font-family: arial;\"><strong>Esfrega\u00e7o de espuma para salas limpas FS757<\/strong><br \/>\nEsfrega\u00e7o de espuma redondo pequeno com cabe\u00e7a interna fina e flex\u00edvel e pega compacta.<\/span><\/span><\/span><\/div>\n<div><\/div>\n<div style=\"margin-left: 40px;\"><strong>Descri\u00e7\u00e3o:<\/strong><br \/>\nMeditech\u2019s Small Foam Swab FS757 is an excellent swab for cleaning parts and assemblies in confined thin groove space where thickness height is a major concern.<br \/>\nA cabe\u00e7a de espuma de poliuretano de c\u00e9lula aberta de 100 ppi (Z), lavada em sala limpa, possui uma elevada capacidade de solvente e um bom amortecimento. Tem uma pega redonda pequena e compacta com uma cabe\u00e7a de p\u00e1 fina e flex\u00edvel que proporciona um apoio est\u00e1vel na limpeza de \u00e1reas com ranhuras finas.<br \/>\nAs compressas de espuma redondas pequenas FS757 est\u00e3o isentas de contaminantes org\u00e2nicos, tais como silicone, amida e \u00e9steres de ftalato.<br \/>\nApresenta um teor muito baixo de res\u00edduos n\u00e3o vol\u00e1teis (NVR), de i\u00f5es e de part\u00edculas.<br \/>\nAs zaragatoas universais opcionais FS757E s\u00e3o excelentes para limpar componentes sens\u00edveis \u00e0 est\u00e1tica.&nbsp;<\/p>\n<p><strong>Carater\u00edsticas:<\/strong><br \/>\n- Isento de silicone, amida e DOP.<br \/>\n- Baixo teor de part\u00edculas e de i\u00f5es.<br \/>\n- Pega segura ESD (opcional)<br \/>\n- Cabe\u00e7a de espuma termicamente ligada.<br \/>\n- Elevada capacidade solvente, suave e n\u00e3o abrasiva.<br \/>\n- Compat\u00edvel com os solventes mais comuns<br \/>\n- Design: Cabe\u00e7a r\u00edgida com pega compacta<\/p>\n<p>&nbsp;<\/p>\n<p><strong>Aplica\u00e7\u00f5es:<\/strong><br \/>\n- Limpeza com solventes como o IPA.<br \/>\n- Limpeza de \u00e1reas pequenas e confinadas.<br \/>\n- Aplica\u00e7\u00e3o de lubrificantes ou outros l\u00edquidos<br \/>\n- Remover os res\u00edduos de fluxo e os materiais em excesso.<br \/>\n- Para limpeza geral.<\/p>\n<p>&nbsp;<\/p>\n<p><strong>Embalagem:<\/strong><br \/>\n500 cotonetes\/saco;<br \/>\n5 sacos interiores de 100 esfrega\u00e7os;<br \/>\n100 sacos\/caixa<\/p>\n<p>&nbsp;<\/p>\n<\/div>","protected":false},"excerpt":{"rendered":"[tp_attributes num_attributes=\"105\"]","protected":false},"featured_media":1022,"comment_status":"closed","ping_status":"closed","template":"","meta":{"themepark_post_bcolor":"#f5f5f5","themepark_post_width":"1022px","themepark_post_img":"","themepark_post_img_po":"left","themepark_post_img_re":false,"themepark_post_img_cover":false,"themepark_post_img_fixed":false,"themepark_post_hide_title":false,"themepark_post_main_b":"","themepark_post_main_p":100,"themepark_paddingblock":false},"product_brand":[],"product_cat":[26,33],"product_tag":[74,78,71,96,79,80],"class_list":{"0":"post-1021","1":"product","2":"type-product","3":"status-publish","4":"has-post-thumbnail","6":"product_cat-cleanroom-swabs","7":"product_cat-foam-swabs","8":"product_tag-cleaning-swab","9":"product_tag-cleanroom-foam-swabs","10":"product_tag-cleanroom-swab","11":"product_tag-cotton-bud","12":"product_tag-lint-free-swab","13":"product_tag-q-tip","15":"first","16":"instock","17":"product-type-simple"},"_links":{"self":[{"href":"https:\/\/www.meditech.cc\/pt\/wp-json\/wp\/v2\/product\/1021","targetHints":{"allow":["GET"]}}],"collection":[{"href":"https:\/\/www.meditech.cc\/pt\/wp-json\/wp\/v2\/product"}],"about":[{"href":"https:\/\/www.meditech.cc\/pt\/wp-json\/wp\/v2\/types\/product"}],"replies":[{"embeddable":true,"href":"https:\/\/www.meditech.cc\/pt\/wp-json\/wp\/v2\/comments?post=1021"}],"wp:featuredmedia":[{"embeddable":true,"href":"https:\/\/www.meditech.cc\/pt\/wp-json\/wp\/v2\/media\/1022"}],"wp:attachment":[{"href":"https:\/\/www.meditech.cc\/pt\/wp-json\/wp\/v2\/media?parent=1021"}],"wp:term":[{"taxonomy":"product_brand","embeddable":true,"href":"https:\/\/www.meditech.cc\/pt\/wp-json\/wp\/v2\/product_brand?post=1021"},{"taxonomy":"product_cat","embeddable":true,"href":"https:\/\/www.meditech.cc\/pt\/wp-json\/wp\/v2\/product_cat?post=1021"},{"taxonomy":"product_tag","embeddable":true,"href":"https:\/\/www.meditech.cc\/pt\/wp-json\/wp\/v2\/product_tag?post=1021"}],"curies":[{"name":"wp","href":"https:\/\/api.w.org\/{rel}","templated":true}]}}