{"id":2303,"date":"2025-07-15T15:03:37","date_gmt":"2025-07-15T07:03:37","guid":{"rendered":"https:\/\/www.meditech.cc\/?post_type=product&#038;p=2303"},"modified":"2025-07-23T11:54:52","modified_gmt":"2025-07-23T03:54:52","slug":"cleanroom-spunlace-nonwoven-swab-ss762","status":"publish","type":"product","link":"https:\/\/www.meditech.cc\/pt\/cleanroom-spunlace-nonwoven-swab-ss762","title":{"rendered":"Zaragatoa n\u00e3o tecida Spunlace para salas limpas SS762"},"content":{"rendered":"<div>A zaragatoa Spunlace SS762 para salas limpas da Meditech foi concebida para satisfazer os rigorosos requisitos de limpeza de ambientes controlados. Fabricada em material spunlace de alta qualidade, esta zaragatoa \u00e9 ideal para limpeza de precis\u00e3o e controlo de contamina\u00e7\u00e3o em v\u00e1rias ind\u00fastrias, incluindo a farmac\u00eautica, de semicondutores e de biotecnologia. A pega longa proporciona um excelente alcance e controlo, tornando-a perfeita para \u00e1reas de dif\u00edcil acesso.<\/div>\n<h2><span style=\"font-size: 14pt;\">Carater\u00edsticas:<\/span><\/h2>\n<ul>\n<li>Material Spunlace de alta qualidade: Garante uma limpeza eficaz e uma baixa produ\u00e7\u00e3o de part\u00edculas.<\/li>\n<li>Design de cabo longo: Proporciona um acesso f\u00e1cil a \u00e1reas apertadas e de dif\u00edcil acesso.<\/li>\n<li>Baixo desprendimento de p\u00ealos: Minimiza o risco de contamina\u00e7\u00e3o por fibras soltas.<\/li>\n<li>Resistente a produtos qu\u00edmicos: Compat\u00edvel com uma vasta gama de solventes e agentes de limpeza.<\/li>\n<li>Design ergon\u00f3mico: Confort\u00e1vel de segurar e utilizar, reduzindo a fadiga do operador.<\/li>\n<\/ul>\n<h2>\u00a0<span style=\"font-size: 14pt;\">Aplica\u00e7\u00f5es:<\/span><\/h2>\n<ul>\n<li>Ind\u00fastria farmac\u00eautica: Limpeza de equipamento de produ\u00e7\u00e3o, frascos e outras superf\u00edcies cr\u00edticas.<\/li>\n<li>Fabrico de semicondutores: Limpeza de precis\u00e3o de componentes e superf\u00edcies delicadas.<\/li>\n<li>Biotecnologia: Ambientes est\u00e9reis e equipamento de laborat\u00f3rio.<\/li>\n<li>Dispositivos m\u00e9dicos: Limpeza e manuten\u00e7\u00e3o de dispositivos e instrumentos m\u00e9dicos.<\/li>\n<li>Aeroespacial: Limpeza de componentes e conjuntos sens\u00edveis.<\/li>\n<li>\u00d3tica: Limpeza de lentes, espelhos e outros componentes \u00f3pticos.<\/li>\n<\/ul>\n<h2>\u00a0<span style=\"font-size: 14pt;\">Embalagem:<\/span><\/h2>\n<div>500 esfrega\u00e7os\/saco, 10 sacos\/unidade<\/div>","protected":false},"excerpt":{"rendered":"[tp_attributes num_attributes=\"105\"]","protected":false},"featured_media":2304,"comment_status":"closed","ping_status":"closed","template":"","meta":{"themepark_post_bcolor":"#f5f5f5","themepark_post_width":"1022px","themepark_post_img":"","themepark_post_img_po":"left","themepark_post_img_re":false,"themepark_post_img_cover":false,"themepark_post_img_fixed":false,"themepark_post_hide_title":false,"themepark_post_main_b":"","themepark_post_main_p":100,"themepark_paddingblock":false},"product_brand":[],"product_cat":[26],"product_tag":[74,78,71,79,85,80,84],"class_list":{"0":"post-2303","1":"product","2":"type-product","3":"status-publish","4":"has-post-thumbnail","6":"product_cat-cleanroom-swabs","7":"product_tag-cleaning-swab","8":"product_tag-cleanroom-foam-swabs","9":"product_tag-cleanroom-swab","10":"product_tag-lint-free-swab","11":"product_tag-nonwoven-swab","12":"product_tag-q-tip","13":"product_tag-spunlace-swab","15":"first","16":"instock","17":"product-type-simple"},"_links":{"self":[{"href":"https:\/\/www.meditech.cc\/pt\/wp-json\/wp\/v2\/product\/2303","targetHints":{"allow":["GET"]}}],"collection":[{"href":"https:\/\/www.meditech.cc\/pt\/wp-json\/wp\/v2\/product"}],"about":[{"href":"https:\/\/www.meditech.cc\/pt\/wp-json\/wp\/v2\/types\/product"}],"replies":[{"embeddable":true,"href":"https:\/\/www.meditech.cc\/pt\/wp-json\/wp\/v2\/comments?post=2303"}],"wp:featuredmedia":[{"embeddable":true,"href":"https:\/\/www.meditech.cc\/pt\/wp-json\/wp\/v2\/media\/2304"}],"wp:attachment":[{"href":"https:\/\/www.meditech.cc\/pt\/wp-json\/wp\/v2\/media?parent=2303"}],"wp:term":[{"taxonomy":"product_brand","embeddable":true,"href":"https:\/\/www.meditech.cc\/pt\/wp-json\/wp\/v2\/product_brand?post=2303"},{"taxonomy":"product_cat","embeddable":true,"href":"https:\/\/www.meditech.cc\/pt\/wp-json\/wp\/v2\/product_cat?post=2303"},{"taxonomy":"product_tag","embeddable":true,"href":"https:\/\/www.meditech.cc\/pt\/wp-json\/wp\/v2\/product_tag?post=2303"}],"curies":[{"name":"wp","href":"https:\/\/api.w.org\/{rel}","templated":true}]}}