{"id":733,"date":"2025-06-13T10:35:04","date_gmt":"2025-06-13T02:35:04","guid":{"rendered":"https:\/\/test.themepark.com.cn\/product\/card-reader-cr80-full-flocked-cleaning-card\/"},"modified":"2025-10-27T16:42:36","modified_gmt":"2025-10-27T08:42:36","slug":"card-reader-cr80-full-flocked-cleaning-card","status":"publish","type":"product","link":"https:\/\/www.meditech.cc\/pt\/card-reader-cr80-full-flocked-cleaning-card","title":{"rendered":"Leitor de cart\u00f5es CR80 Full Flocked Cleaning Card"},"content":{"rendered":"<p><span style=\"font-size: 14px;\"><strong>Leitor de cart\u00f5es Cart\u00e3o de limpeza flocado<\/strong><br \/>\nAmbos os lados flocados em textura completa, pr\u00e9-saturados com produto de limpeza sem \u00e1lcool<br \/>\nEmbalagem: 50 cart\u00f5es de limpeza por caixa<br \/>\nDimens\u00e3o nominal: 54 X 86 X 1,10 mm<br \/>\nN\u00famero da pe\u00e7a: CRCC-CR80F-AF<\/span><\/p>\n<p><strong>Carater\u00edsticas e vantagens<\/strong><\/p>\n<ul>\n<li><span style=\"font-size: 14px;\">Clean Efficiently due to Brush Cleaning Effect.<\/span><\/li>\n<li><span style=\"font-size: 14px;\">Menos avarias nas m\u00e1quinas devido \u00e0 remo\u00e7\u00e3o eficaz da sujidade.<\/span><\/li>\n<li><span style=\"font-size: 14px;\">Simple and Easy Handling<\/span><\/li>\n<li>Effectively clean magnetic head conceal in difficult to reach recess area.<\/li>\n<\/ul>\n<p><span style=\"font-size: 14px;\"><br \/>\n<\/span><span style=\"font-size: 14px;\"><br \/>\n<strong>Aplica\u00e7\u00f5es<\/strong><br \/>\nPara todas as caixas autom\u00e1ticas com leitores de cart\u00f5es de inser\u00e7\u00e3o mec\u00e2nicos e motorizados, mas sem obturador.<br \/>\nLimpeza dos pinos de contacto do CI nos leitores de cart\u00f5es inteligentes e da cabe\u00e7a magn\u00e9tica nos leitores de cart\u00f5es de passagem ou de inser\u00e7\u00e3o.<\/span><\/p>\n<p><strong>Carater\u00edsticas<\/strong><br \/>\nO cart\u00e3o de limpeza Flocked para leitor de cart\u00f5es \u00e9 recomendado para a manuten\u00e7\u00e3o preventiva de m\u00e1quinas ATM, m\u00e1quinas de slots e leitores de cart\u00f5es inteligentes. \u00c9 extremamente eficaz na recolha de um elevado n\u00edvel de sujidade.<br \/>\nPode ser previamente humedecido com um produto de limpeza sem \u00e1lcool para obter um elevado grau de limpeza.<br \/>\nA nossa solu\u00e7\u00e3o de limpeza sem \u00e1lcool de formula\u00e7\u00e3o pr\u00f3pria \u00e9 antimicrobiana, 100% n\u00e3o t\u00f3xica, n\u00e3o inflam\u00e1vel, amiga do ambiente e em conformidade com a RoHS. Consulte a MSDS-CRCC-CR80F-AF<br \/>\nO produto de limpeza sem \u00e1lcool n\u00e3o cont\u00e9m \u00e1lcool isoprop\u00edlico, amon\u00edaco e lauril sulfato de s\u00f3dio e limpa com seguran\u00e7a, remove o p\u00f3, as manchas de sujidade e n\u00e3o deixa res\u00edduos na superf\u00edcie.<\/p>","protected":false},"excerpt":{"rendered":"[tp_attributes num_attributes=\"105\"]","protected":false},"featured_media":2478,"comment_status":"closed","ping_status":"closed","template":"","meta":{"themepark_post_bcolor":"#f5f5f5","themepark_post_width":"1022px","themepark_post_img":"","themepark_post_img_po":"left","themepark_post_img_re":false,"themepark_post_img_cover":false,"themepark_post_img_fixed":false,"themepark_post_hide_title":false,"themepark_post_main_b":"","themepark_post_main_p":100,"themepark_paddingblock":false},"product_brand":[],"product_cat":[55,40],"product_tag":[86,87,162,163],"class_list":{"0":"post-733","1":"product","2":"type-product","3":"status-publish","4":"has-post-thumbnail","6":"product_cat-card-reader-cleaning-kit","7":"product_cat-other-cleaning-kits","8":"product_tag-atm-cleaning-card","9":"product_tag-card-reader-cleaning-card","10":"product_tag-slot-machine-cleaning-card","11":"product_tag-smart-card-reader-cleaning-card","13":"first","14":"instock","15":"product-type-simple"},"_links":{"self":[{"href":"https:\/\/www.meditech.cc\/pt\/wp-json\/wp\/v2\/product\/733","targetHints":{"allow":["GET"]}}],"collection":[{"href":"https:\/\/www.meditech.cc\/pt\/wp-json\/wp\/v2\/product"}],"about":[{"href":"https:\/\/www.meditech.cc\/pt\/wp-json\/wp\/v2\/types\/product"}],"replies":[{"embeddable":true,"href":"https:\/\/www.meditech.cc\/pt\/wp-json\/wp\/v2\/comments?post=733"}],"wp:featuredmedia":[{"embeddable":true,"href":"https:\/\/www.meditech.cc\/pt\/wp-json\/wp\/v2\/media\/2478"}],"wp:attachment":[{"href":"https:\/\/www.meditech.cc\/pt\/wp-json\/wp\/v2\/media?parent=733"}],"wp:term":[{"taxonomy":"product_brand","embeddable":true,"href":"https:\/\/www.meditech.cc\/pt\/wp-json\/wp\/v2\/product_brand?post=733"},{"taxonomy":"product_cat","embeddable":true,"href":"https:\/\/www.meditech.cc\/pt\/wp-json\/wp\/v2\/product_cat?post=733"},{"taxonomy":"product_tag","embeddable":true,"href":"https:\/\/www.meditech.cc\/pt\/wp-json\/wp\/v2\/product_tag?post=733"}],"curies":[{"name":"wp","href":"https:\/\/api.w.org\/{rel}","templated":true}]}}