{"id":737,"date":"2025-06-13T10:35:04","date_gmt":"2025-06-13T02:35:04","guid":{"rendered":"https:\/\/test.themepark.com.cn\/product\/bill-validator-diamond-flocked-cleaning-card-85x185\/"},"modified":"2025-07-18T18:00:47","modified_gmt":"2025-07-18T10:00:47","slug":"bill-validator-diamond-flocked-cleaning-card-85x185","status":"publish","type":"product","link":"https:\/\/www.meditech.cc\/pt\/bill-validator-diamond-flocked-cleaning-card-85x185","title":{"rendered":"Validador de facturas Cart\u00e3o de limpeza flocado com diamantes - 85\u00d7185"},"content":{"rendered":"<p><span style=\"font-size: 14px;\"><strong>Validador de facturas Cart\u00e3o de limpeza com flocos de diamante<\/strong><br \/>\n<strong>- Pr\u00e9-saturado com produto de limpeza sem \u00e1lcool<\/strong><br \/>\nEmbalagem: 25 cart\u00f5es de limpeza por caixa<br \/>\nDimens\u00e3o nominal: 85 X 185 X 0,60 mm<br \/>\nN\u00famero de pe\u00e7a : BVCC-85185FD<\/span><\/p>\n<p><strong>Carater\u00edsticas e vantagens<\/strong><br \/>\n- Limpa eficazmente gra\u00e7as ao efeito de limpeza da escova.<br \/>\n- Menos avarias nas m\u00e1quinas devido \u00e0 remo\u00e7\u00e3o eficaz da sujidade.<br \/>\n- Manuseamento simples e f\u00e1cil<\/p>\n<p><strong>Aplica\u00e7\u00f5es<\/strong><br \/>\nPara todos os sistemas de m\u00e1quinas com receptores ou validadores de notas, limpa simultaneamente os rolos de acionamento, as correias e as superf\u00edcies de refer\u00eancia.<br \/>\nOs cart\u00f5es de limpeza flocados com diamantes est\u00e3o dispon\u00edveis em v\u00e1rias larguras, consoante o tipo de moeda.<\/p>\n<p><strong>Carater\u00edsticas<\/strong><br \/>\nO cart\u00e3o de limpeza Diamond Flocked para validadores de notas \u00e9 recomendado para a manuten\u00e7\u00e3o preventiva de validadores de notas ou de validadores. \u00c9 extremamente eficaz na recolha de um elevado n\u00edvel de sujidade.<br \/>\nPode ser previamente humedecido com um produto de limpeza sem \u00e1lcool para obter um elevado grau de limpeza.<br \/>\nA nossa solu\u00e7\u00e3o de limpeza sem \u00e1lcool de formula\u00e7\u00e3o pr\u00f3pria \u00e9 antimicrobiana, 100% n\u00e3o t\u00f3xica, n\u00e3o inflam\u00e1vel, amiga do ambiente e em conformidade com a RoHS. Consulte a MSDS_BVCC-85185-FD<br \/>\nO produto de limpeza sem \u00e1lcool n\u00e3o cont\u00e9m \u00e1lcool isoprop\u00edlico, amon\u00edaco e lauril sulfato de s\u00f3dio e limpa com seguran\u00e7a, remove o p\u00f3, as manchas de sujidade e n\u00e3o deixa res\u00edduos na superf\u00edcie.<\/p>","protected":false},"excerpt":{"rendered":"[tp_attributes num_attributes=\"105\"]","protected":false},"featured_media":2329,"comment_status":"closed","ping_status":"closed","template":"","meta":{"themepark_post_bcolor":"#f5f5f5","themepark_post_width":"1022px","themepark_post_img":"","themepark_post_img_po":"left","themepark_post_img_re":false,"themepark_post_img_cover":false,"themepark_post_img_fixed":false,"themepark_post_hide_title":false,"themepark_post_main_b":"","themepark_post_main_p":100,"themepark_paddingblock":false},"product_brand":[],"product_cat":[54,40],"product_tag":[93,92,94],"class_list":{"0":"post-737","1":"product","2":"type-product","3":"status-publish","4":"has-post-thumbnail","6":"product_cat-bill-validator-cleaning-kit","7":"product_cat-other-cleaning-kits","8":"product_tag-bill-acceptor-cleaning-card","9":"product_tag-bill-validator-cleaning-card","10":"product_tag-cleaning-card","12":"first","13":"instock","14":"product-type-simple"},"_links":{"self":[{"href":"https:\/\/www.meditech.cc\/pt\/wp-json\/wp\/v2\/product\/737","targetHints":{"allow":["GET"]}}],"collection":[{"href":"https:\/\/www.meditech.cc\/pt\/wp-json\/wp\/v2\/product"}],"about":[{"href":"https:\/\/www.meditech.cc\/pt\/wp-json\/wp\/v2\/types\/product"}],"replies":[{"embeddable":true,"href":"https:\/\/www.meditech.cc\/pt\/wp-json\/wp\/v2\/comments?post=737"}],"wp:featuredmedia":[{"embeddable":true,"href":"https:\/\/www.meditech.cc\/pt\/wp-json\/wp\/v2\/media\/2329"}],"wp:attachment":[{"href":"https:\/\/www.meditech.cc\/pt\/wp-json\/wp\/v2\/media?parent=737"}],"wp:term":[{"taxonomy":"product_brand","embeddable":true,"href":"https:\/\/www.meditech.cc\/pt\/wp-json\/wp\/v2\/product_brand?post=737"},{"taxonomy":"product_cat","embeddable":true,"href":"https:\/\/www.meditech.cc\/pt\/wp-json\/wp\/v2\/product_cat?post=737"},{"taxonomy":"product_tag","embeddable":true,"href":"https:\/\/www.meditech.cc\/pt\/wp-json\/wp\/v2\/product_tag?post=737"}],"curies":[{"name":"wp","href":"https:\/\/api.w.org\/{rel}","templated":true}]}}