{"id":741,"date":"2025-06-13T10:35:04","date_gmt":"2025-06-13T02:35:04","guid":{"rendered":"https:\/\/test.themepark.com.cn\/product\/atm-cr80-flat-cleaning-card\/"},"modified":"2025-07-16T15:49:12","modified_gmt":"2025-07-16T07:49:12","slug":"atm-cr80-flat-cleaning-card","status":"publish","type":"product","link":"https:\/\/www.meditech.cc\/pt\/atm-cr80-flat-cleaning-card","title":{"rendered":"Cart\u00e3o de limpeza plano ATM CR80"},"content":{"rendered":"<p><span style=\"font-size: 14px;\"><strong>Gen\u00e9ricos CR80 Cleaning Card - Pr\u00e9-saturado com IPA<\/strong><br \/>\nEmbalagem: 50 cart\u00f5es de limpeza pr\u00e9-saturados por caixa<br \/>\nDimens\u00e3o nominal: 54 X 86 X 0,711 mm<br \/>\nN\u00famero da pe\u00e7a : TPCC-CR80<\/span><\/p>\n<p>&nbsp;<\/p>\n<h2>Carater\u00edsticas e vantagens<\/h2>\n<p><span style=\"font-size: 14px;\">- Custos econ\u00f3micos para manter os seus leitores de cart\u00f5es em manuten\u00e7\u00e3o de rotina para evitar erros de leitura ou falhas de leitura.<br \/>\n- Menos avarias nas m\u00e1quinas devido \u00e0 remo\u00e7\u00e3o eficaz da sujidade.<br \/>\n- F\u00e1cil manuseamento<br \/>\n- O produto de limpeza com \u00e1lcool isoprop\u00edlico limpa com seguran\u00e7a, remove o p\u00f3, as manchas de sujidade e n\u00e3o deixa res\u00edduos na superf\u00edcie. - Consultar a MSDS TPCC-CR80<\/span><\/p>\n<p>&nbsp;<\/p>\n<h2>Aplica\u00e7\u00f5es<\/h2>\n<p><span style=\"font-size: 14px;\">O cart\u00e3o de limpeza CR80 pr\u00e9-saturado com IPA \u00e9 um produto de limpeza alternativo para a manuten\u00e7\u00e3o preventiva de m\u00e1quinas ATM, terminais POS, leitores de cart\u00f5es de banda magn\u00e9tica, leitores de cart\u00f5es inteligentes, leitores de fechaduras de portas de hot\u00e9is, esta\u00e7\u00f5es de servi\u00e7o de petr\u00f3leo, m\u00e1quinas de slots, m\u00e1quinas de venda autom\u00e1tica, impressoras de cart\u00f5es de identifica\u00e7\u00e3o.<\/span><\/p>\n<h2><span style=\"font-size: 14px;\"><br \/>\n<\/span>Carater\u00edsticas<\/h2>\n<p><span style=\"font-size: 14px;\">Os leitores de cart\u00f5es requerem uma manuten\u00e7\u00e3o preventiva para manter as cabe\u00e7as magn\u00e9ticas limpas e sem res\u00edduos de contamina\u00e7\u00e3o acumulada. Limpa e revitaliza os rolos de borracha de transporte e a guia do trajeto dos rolos.<br \/>\nOs cart\u00f5es de limpeza pr\u00e9-saturados s\u00e3o uma forma econ\u00f3mica de manter os seus leitores de cart\u00f5es e aumentar a vida \u00fatil das cabe\u00e7as magn\u00e9ticas.<\/span><\/p>","protected":false},"excerpt":{"rendered":"[tp_attributes num_attributes=\"105\"]","protected":false},"featured_media":2313,"comment_status":"closed","ping_status":"closed","template":"","meta":{"themepark_post_bcolor":"#f5f5f5","themepark_post_width":"1022px","themepark_post_img":"","themepark_post_img_po":"left","themepark_post_img_re":false,"themepark_post_img_cover":false,"themepark_post_img_fixed":false,"themepark_post_hide_title":false,"themepark_post_main_b":"","themepark_post_main_p":100,"themepark_paddingblock":false},"product_brand":[],"product_cat":[53,40],"product_tag":[83,82],"class_list":{"0":"post-741","1":"product","2":"type-product","3":"status-publish","4":"has-post-thumbnail","6":"product_cat-atm-cleaning-kit","7":"product_cat-other-cleaning-kits","8":"product_tag-cr80-cleaning-card","9":"product_tag-ipa-cleaning-card","11":"first","12":"instock","13":"product-type-simple"},"_links":{"self":[{"href":"https:\/\/www.meditech.cc\/pt\/wp-json\/wp\/v2\/product\/741","targetHints":{"allow":["GET"]}}],"collection":[{"href":"https:\/\/www.meditech.cc\/pt\/wp-json\/wp\/v2\/product"}],"about":[{"href":"https:\/\/www.meditech.cc\/pt\/wp-json\/wp\/v2\/types\/product"}],"replies":[{"embeddable":true,"href":"https:\/\/www.meditech.cc\/pt\/wp-json\/wp\/v2\/comments?post=741"}],"wp:featuredmedia":[{"embeddable":true,"href":"https:\/\/www.meditech.cc\/pt\/wp-json\/wp\/v2\/media\/2313"}],"wp:attachment":[{"href":"https:\/\/www.meditech.cc\/pt\/wp-json\/wp\/v2\/media?parent=741"}],"wp:term":[{"taxonomy":"product_brand","embeddable":true,"href":"https:\/\/www.meditech.cc\/pt\/wp-json\/wp\/v2\/product_brand?post=741"},{"taxonomy":"product_cat","embeddable":true,"href":"https:\/\/www.meditech.cc\/pt\/wp-json\/wp\/v2\/product_cat?post=741"},{"taxonomy":"product_tag","embeddable":true,"href":"https:\/\/www.meditech.cc\/pt\/wp-json\/wp\/v2\/product_tag?post=741"}],"curies":[{"name":"wp","href":"https:\/\/api.w.org\/{rel}","templated":true}]}}