{"id":749,"date":"2025-06-13T10:35:04","date_gmt":"2025-06-13T02:35:04","guid":{"rendered":"https:\/\/test.themepark.com.cn\/product\/esd-safe-spiral-pointed-foam-swab-fs52\/"},"modified":"2026-03-13T16:47:51","modified_gmt":"2026-03-13T08:47:51","slug":"esd-safe-spiral-pointed-foam-swab-fs52","status":"publish","type":"product","link":"https:\/\/www.meditech.cc\/pt\/esd-safe-spiral-pointed-foam-swab-fs52","title":{"rendered":"ESD-Safe Spiral Pointed Foam Swab FS752"},"content":{"rendered":"<p>ESD-Safe Spiral Pointed Foam Swab FS752 is an excellent and popular cleaning foam swab for cleaning small slots, grooves, and right angle corners on the sliders and actuator arm of the magnetic head stack assembly in hard disk drive industry.<\/p>\n<p>Este tipo de cotonete de espuma com ponta pequena e pontiaguda pode ser muito eficaz na recolha de poeiras e outros contaminantes. As zaragatoas de espuma anti-est\u00e1tica para salas limpas FS752 s\u00e3o tamb\u00e9m as zaragatoas ideais para utilizar na limpeza de componentes ou pe\u00e7as sens\u00edveis \u00e0 est\u00e1tica.<\/p>\n<p>As op\u00e7\u00f5es dispon\u00edveis de material de pega anti-est\u00e1tica incluem: Cabo de polipropileno verde anti-est\u00e1tico e cabo de ABS anti-est\u00e1tico.<\/p>\n<p>A sua espuma de poliuretano de c\u00e9lulas abertas de 100 ppi (Z), lavada em sala limpa de alta qualidade, combina uma limpeza excecional com uma capacidade de reten\u00e7\u00e3o de part\u00edculas e n\u00e3o cont\u00e9m contaminantes org\u00e2nicos.<\/p>\n<p>O design da cabe\u00e7a estriada aumenta ainda mais a efici\u00eancia da limpeza. O pequeno cabo c\u00f3nico e a ponta r\u00edgida proporcionam o m\u00e1ximo controlo.<\/p>\n<p>O esfrega\u00e7o de espuma FS752 com pegas ESD elimina os danos causados pela eletricidade est\u00e1tica e \u00e9 eficaz em todas as humidades.<\/p>\n<p>A colagem t\u00e9rmica elimina a utiliza\u00e7\u00e3o de adesivos, revestimentos e sprays contaminantes.<\/p>\n<p>Todas as zaragatoas de espuma para salas limpas s\u00e3o embaladas em sacos sem silicone e sem amido.<\/p>\n<h2><span style=\"font-size: 14pt;\"><strong>Aplica\u00e7\u00f5es e ind\u00fastrias<\/strong><\/span><\/h2>\n<ul>\n<li>Cleaning with compatible solutions and solvents such as IPA<\/li>\n<li>Effectively clean small hole, tight, hard to reach areas<\/li>\n<li>Remove flux residue and excess material<\/li>\n<li>Use in any static sensitive application<\/li>\n<li>Micro-mechanical Cleaning<\/li>\n<li>Used in the electronics, semiconductor, hard disk drive, Optics-electronic, LCD,PCB,SMT, IC, medical field and biotech industries.<\/li>\n<\/ul>\n<h2><span style=\"font-size: 14pt;\"><strong>Embalagem<\/strong><\/span><\/h2>\n<p>500 cotonetes\/saco<br \/>\n5 sacos interiores de 100 esfrega\u00e7os<br \/>\n50 sacos\/caixa<\/p>","protected":false},"excerpt":{"rendered":"[tp_attributes num_attributes=\"105\"]","protected":false},"featured_media":750,"comment_status":"closed","ping_status":"closed","template":"","meta":{"themepark_post_bcolor":"#f5f5f5","themepark_post_width":"1022px","themepark_post_img":"","themepark_post_img_po":"left","themepark_post_img_re":false,"themepark_post_img_cover":false,"themepark_post_img_fixed":false,"themepark_post_hide_title":false,"themepark_post_main_b":"","themepark_post_main_p":100,"themepark_paddingblock":false},"product_brand":[],"product_cat":[26,33],"product_tag":[89,71,120,72,79,95],"class_list":{"0":"post-749","1":"product","2":"type-product","3":"status-publish","4":"has-post-thumbnail","6":"product_cat-cleanroom-swabs","7":"product_cat-foam-swabs","8":"product_tag-clean-swab","9":"product_tag-cleanroom-swab","10":"product_tag-esd-safe-swab","11":"product_tag-foam-swab","12":"product_tag-lint-free-swab","13":"product_tag-swab-sticks","15":"first","16":"instock","17":"product-type-simple"},"_links":{"self":[{"href":"https:\/\/www.meditech.cc\/pt\/wp-json\/wp\/v2\/product\/749","targetHints":{"allow":["GET"]}}],"collection":[{"href":"https:\/\/www.meditech.cc\/pt\/wp-json\/wp\/v2\/product"}],"about":[{"href":"https:\/\/www.meditech.cc\/pt\/wp-json\/wp\/v2\/types\/product"}],"replies":[{"embeddable":true,"href":"https:\/\/www.meditech.cc\/pt\/wp-json\/wp\/v2\/comments?post=749"}],"wp:featuredmedia":[{"embeddable":true,"href":"https:\/\/www.meditech.cc\/pt\/wp-json\/wp\/v2\/media\/750"}],"wp:attachment":[{"href":"https:\/\/www.meditech.cc\/pt\/wp-json\/wp\/v2\/media?parent=749"}],"wp:term":[{"taxonomy":"product_brand","embeddable":true,"href":"https:\/\/www.meditech.cc\/pt\/wp-json\/wp\/v2\/product_brand?post=749"},{"taxonomy":"product_cat","embeddable":true,"href":"https:\/\/www.meditech.cc\/pt\/wp-json\/wp\/v2\/product_cat?post=749"},{"taxonomy":"product_tag","embeddable":true,"href":"https:\/\/www.meditech.cc\/pt\/wp-json\/wp\/v2\/product_tag?post=749"}],"curies":[{"name":"wp","href":"https:\/\/api.w.org\/{rel}","templated":true}]}}