{"id":766,"date":"2025-06-13T10:35:38","date_gmt":"2025-06-13T02:35:38","guid":{"rendered":"https:\/\/test.themepark.com.cn\/product\/check-scanner-pre-saturated-clean-foam-swab\/"},"modified":"2025-10-31T17:25:01","modified_gmt":"2025-10-31T09:25:01","slug":"check-scanner-pre-saturated-clean-foam-swab","status":"publish","type":"product","link":"https:\/\/www.meditech.cc\/pt\/check-scanner-pre-saturated-clean-foam-swab","title":{"rendered":"Esfrega\u00e7o de espuma limpa pr\u00e9-saturada para verificar o scanner"},"content":{"rendered":"<p><span style=\"font-size: 14px;\"><strong>Esfrega\u00e7o de espuma limpa pr\u00e9-saturada<\/strong><br \/>\nEmbalagem : 50 cotonetes \/ caixa<br \/>\nDimens\u00e3o do tamanho nominal: 5,0''<br \/>\nN\u00famero da pe\u00e7a: IPAPFS-707<\/span><\/p>\n<p><strong>Carater\u00edsticas e vantagens<\/strong><br \/>\n- 100 ppi , ponta de espuma retangular de poliuretano de c\u00e9lula aberta.<br \/>\n- N\u00e3o abrasivo.<br \/>\n- A espuma \u00e9 selada diretamente na pega de pl\u00e1stico, sem utiliza\u00e7\u00e3o de adesivo, para que seja mais amiga do ambiente.<br \/>\n- F\u00e1cil manuseamento<br \/>\n- Excelente para remover manchas de tinta, res\u00edduos de cola e detritos na cabe\u00e7a de impress\u00e3o.<\/p>\n<p><strong>Aplica\u00e7\u00f5es<\/strong><br \/>\n- Teclados de computador.<br \/>\n- Dispositivos de cabe\u00e7a \u00f3tica e magn\u00e9tica.<br \/>\n- Componentes electr\u00f3nicos.<br \/>\n- Impressoras t\u00e9rmicas (impressoras de cart\u00f5es, impressoras de c\u00f3digos de barras, impressoras de etiquetas, impressoras de recibos)<br \/>\n- Impressoras de jato de tinta<\/p>\n<p><strong>Carater\u00edsticas<\/strong><br \/>\nA ponta de esfrega\u00e7o de espuma limpa \u00e9 pr\u00e9-saturada com solu\u00e7\u00e3o IPA e embalada numa bolsa individual.<br \/>\nRetire a pega do cotonete da bolsa de abertura, limpe a cabe\u00e7a de impress\u00e3o t\u00e9rmica utilizando um movimento para a frente e para tr\u00e1s para remover eficazmente a sujidade e os res\u00edduos acumulados na cabe\u00e7a de impress\u00e3o, prolongando assim a sua vida \u00fatil e mantendo uma imagem leg\u00edvel.<\/p>","protected":false},"excerpt":{"rendered":"[tp_attributes num_attributes=\"105\"]","protected":false},"featured_media":2260,"comment_status":"closed","ping_status":"closed","template":"","meta":{"themepark_post_bcolor":"#f5f5f5","themepark_post_width":"1022px","themepark_post_img":"","themepark_post_img_po":"left","themepark_post_img_re":false,"themepark_post_img_cover":false,"themepark_post_img_fixed":false,"themepark_post_hide_title":false,"themepark_post_main_b":"","themepark_post_main_p":100,"themepark_paddingblock":false},"product_brand":[],"product_cat":[56,40],"product_tag":[172,173,74,72,111,77],"class_list":{"0":"post-766","1":"product","2":"type-product","3":"status-publish","4":"has-post-thumbnail","6":"product_cat-check-scanner-cleaning-kit","7":"product_cat-other-cleaning-kits","8":"product_tag-check-scanner-cleaning","9":"product_tag-check-scanner-maintenance-kit","10":"product_tag-cleaning-swab","11":"product_tag-foam-swab","12":"product_tag-lint-free-cleaning-swab","13":"product_tag-sponge-swab","15":"first","16":"instock","17":"product-type-simple"},"_links":{"self":[{"href":"https:\/\/www.meditech.cc\/pt\/wp-json\/wp\/v2\/product\/766","targetHints":{"allow":["GET"]}}],"collection":[{"href":"https:\/\/www.meditech.cc\/pt\/wp-json\/wp\/v2\/product"}],"about":[{"href":"https:\/\/www.meditech.cc\/pt\/wp-json\/wp\/v2\/types\/product"}],"replies":[{"embeddable":true,"href":"https:\/\/www.meditech.cc\/pt\/wp-json\/wp\/v2\/comments?post=766"}],"wp:featuredmedia":[{"embeddable":true,"href":"https:\/\/www.meditech.cc\/pt\/wp-json\/wp\/v2\/media\/2260"}],"wp:attachment":[{"href":"https:\/\/www.meditech.cc\/pt\/wp-json\/wp\/v2\/media?parent=766"}],"wp:term":[{"taxonomy":"product_brand","embeddable":true,"href":"https:\/\/www.meditech.cc\/pt\/wp-json\/wp\/v2\/product_brand?post=766"},{"taxonomy":"product_cat","embeddable":true,"href":"https:\/\/www.meditech.cc\/pt\/wp-json\/wp\/v2\/product_cat?post=766"},{"taxonomy":"product_tag","embeddable":true,"href":"https:\/\/www.meditech.cc\/pt\/wp-json\/wp\/v2\/product_tag?post=766"}],"curies":[{"name":"wp","href":"https:\/\/api.w.org\/{rel}","templated":true}]}}