{"id":787,"date":"2025-06-13T10:35:38","date_gmt":"2025-06-13T02:35:38","guid":{"rendered":"https:\/\/test.themepark.com.cn\/product\/bill-validator-flat-cleaning-card-65x156\/"},"modified":"2025-07-31T17:12:49","modified_gmt":"2025-07-31T09:12:49","slug":"bill-validator-flat-cleaning-card-65x156","status":"publish","type":"product","link":"https:\/\/www.meditech.cc\/pt\/bill-validator-flat-cleaning-card-65x156","title":{"rendered":"Validador de notas Cart\u00e3o de limpeza plano - 65x156mm"},"content":{"rendered":"<p><span style=\"font-size: 14px;\"><strong>Validador de facturas Cart\u00e3o de limpeza<\/strong><br \/>\n<strong>- Pr\u00e9-saturado com IPA<\/strong><br \/>\nEmbalagem: 25 cart\u00f5es de limpeza por caixa<br \/>\nDimens\u00e3o nominal: 65 X 156 X 0,305 mm<br \/>\nN\u00famero de pe\u00e7a : BVCC-65156-IPA<\/span><\/p>\n<p><strong>Carater\u00edsticas e vantagens<\/strong><br \/>\nl Custos econ\u00f3micos para manter o seu validador de notas na manuten\u00e7\u00e3o de rotina para evitar erros de leitura ou falhas de leitura.<br \/>\nl Menos avarias na m\u00e1quina devido \u00e0 remo\u00e7\u00e3o eficaz da sujidade.<br \/>\nl F\u00e1cil manuseamento<br \/>\nl O produto de limpeza com \u00e1lcool isoprop\u00edlico limpa com seguran\u00e7a, remove o p\u00f3, as manchas de sujidade e n\u00e3o deixa res\u00edduos na superf\u00edcie. - Consultar a MSDS BVCC-65156-IPA<\/p>\n<p><strong>Aplica\u00e7\u00f5es<\/strong><br \/>\nO cart\u00e3o de limpeza pr\u00e9-saturado para validadores de notas IPA \u00e9 um produto de limpeza alternativo para a manuten\u00e7\u00e3o preventiva de m\u00e1quinas de venda autom\u00e1tica, m\u00e1quinas de valor acrescentado, validadores ou receptores de notas,<\/p>\n<p><strong>Carater\u00edsticas<\/strong><br \/>\nO validador de facturas requer uma manuten\u00e7\u00e3o preventiva para manter a lente \u00f3tica limpa e sem res\u00edduos de contamina\u00e7\u00e3o acumulada. Limpa e revitaliza os rolos de borracha de transporte e a guia do trajeto dos rolos.<br \/>\nOs cart\u00f5es de limpeza pr\u00e9-saturados s\u00e3o uma forma econ\u00f3mica de manter o seu validador de notas e aumentar a vida \u00fatil da lente \u00f3tica.<\/p>","protected":false},"excerpt":{"rendered":"[tp_attributes num_attributes=\"105\"]","protected":false},"featured_media":1812,"comment_status":"closed","ping_status":"closed","template":"","meta":{"themepark_post_bcolor":"#f5f5f5","themepark_post_width":"1022px","themepark_post_img":"","themepark_post_img_po":"left","themepark_post_img_re":false,"themepark_post_img_cover":false,"themepark_post_img_fixed":false,"themepark_post_hide_title":false,"themepark_post_main_b":"","themepark_post_main_p":100,"themepark_paddingblock":false},"product_brand":[],"product_cat":[54,40],"product_tag":[93,92,94],"class_list":{"0":"post-787","1":"product","2":"type-product","3":"status-publish","4":"has-post-thumbnail","6":"product_cat-bill-validator-cleaning-kit","7":"product_cat-other-cleaning-kits","8":"product_tag-bill-acceptor-cleaning-card","9":"product_tag-bill-validator-cleaning-card","10":"product_tag-cleaning-card","12":"first","13":"instock","14":"product-type-simple"},"_links":{"self":[{"href":"https:\/\/www.meditech.cc\/pt\/wp-json\/wp\/v2\/product\/787","targetHints":{"allow":["GET"]}}],"collection":[{"href":"https:\/\/www.meditech.cc\/pt\/wp-json\/wp\/v2\/product"}],"about":[{"href":"https:\/\/www.meditech.cc\/pt\/wp-json\/wp\/v2\/types\/product"}],"replies":[{"embeddable":true,"href":"https:\/\/www.meditech.cc\/pt\/wp-json\/wp\/v2\/comments?post=787"}],"wp:featuredmedia":[{"embeddable":true,"href":"https:\/\/www.meditech.cc\/pt\/wp-json\/wp\/v2\/media\/1812"}],"wp:attachment":[{"href":"https:\/\/www.meditech.cc\/pt\/wp-json\/wp\/v2\/media?parent=787"}],"wp:term":[{"taxonomy":"product_brand","embeddable":true,"href":"https:\/\/www.meditech.cc\/pt\/wp-json\/wp\/v2\/product_brand?post=787"},{"taxonomy":"product_cat","embeddable":true,"href":"https:\/\/www.meditech.cc\/pt\/wp-json\/wp\/v2\/product_cat?post=787"},{"taxonomy":"product_tag","embeddable":true,"href":"https:\/\/www.meditech.cc\/pt\/wp-json\/wp\/v2\/product_tag?post=787"}],"curies":[{"name":"wp","href":"https:\/\/api.w.org\/{rel}","templated":true}]}}