{"id":806,"date":"2025-06-13T10:36:03","date_gmt":"2025-06-13T02:36:03","guid":{"rendered":"https:\/\/test.themepark.com.cn\/product\/thermal-print-head-cleaning-pen\/"},"modified":"2025-06-13T10:36:03","modified_gmt":"2025-06-13T02:36:03","slug":"thermal-print-head-cleaning-pen","status":"publish","type":"product","link":"https:\/\/www.meditech.cc\/pt\/thermal-print-head-cleaning-pen","title":{"rendered":"Caneta de limpeza da cabe\u00e7a de impress\u00e3o t\u00e9rmica"},"content":{"rendered":"<p><strong>Caneta de limpeza da cabe\u00e7a de impress\u00e3o t\u00e9rmica<\/strong><br \/>\nEmbalagem : 12 canetas \/ caixa<br \/>\nN\u00famero da pe\u00e7a: IPACP-03<\/p>\n<p>O barril da caneta de limpeza para impressoras t\u00e9rmicas \u00e9 preenchido com uma solu\u00e7\u00e3o IPA de grau eletr\u00f3nico 99.9%, concebida para remover eficazmente os res\u00edduos de tinta, res\u00edduos queimados, sujidade e contaminantes da cabe\u00e7a da impressora. A limpeza regular prolongar\u00e1 a vida \u00fatil da cabe\u00e7a de impress\u00e3o e proporcionar\u00e1 uma melhor qualidade de imagem gr\u00e1fica.<\/p>\n<p>&nbsp;<\/p>\n<p><strong>Aplica\u00e7\u00f5es<\/strong><br \/>\nUtilizar para a limpeza de rotina de manuten\u00e7\u00e3o preventiva em todos os tipos de impressoras de cart\u00f5es de identifica\u00e7\u00e3o e impressoras t\u00e9rmicas de c\u00f3digos de barras, etiquetas e recibos.<\/p>","protected":false},"excerpt":{"rendered":"[tp_attributes num_attributes=\"105\"]","protected":false},"featured_media":807,"comment_status":"closed","ping_status":"closed","template":"","meta":{"themepark_post_bcolor":"#f5f5f5","themepark_post_width":"1022px","themepark_post_img":"","themepark_post_img_po":"left","themepark_post_img_re":false,"themepark_post_img_cover":false,"themepark_post_img_fixed":false,"themepark_post_hide_title":false,"themepark_post_main_b":"","themepark_post_main_p":100,"themepark_paddingblock":false},"product_brand":[],"product_cat":[46,49],"product_tag":[21,36,42,43,51],"class_list":{"0":"post-806","1":"product","2":"type-product","3":"status-publish","4":"has-post-thumbnail","6":"product_cat-thermal-printer-cleaning-kit","7":"product_cat-thermal-printhead-cleaning-pen","8":"product_tag-card-printer-cleaning-pen","9":"product_tag-ipa-cleaning-pen","10":"product_tag-printer-cleaning-pen","11":"product_tag-printhead-cleaning-pen","12":"product_tag-zebra-cleaning-pen","14":"first","15":"instock","16":"product-type-simple"},"_links":{"self":[{"href":"https:\/\/www.meditech.cc\/pt\/wp-json\/wp\/v2\/product\/806","targetHints":{"allow":["GET"]}}],"collection":[{"href":"https:\/\/www.meditech.cc\/pt\/wp-json\/wp\/v2\/product"}],"about":[{"href":"https:\/\/www.meditech.cc\/pt\/wp-json\/wp\/v2\/types\/product"}],"replies":[{"embeddable":true,"href":"https:\/\/www.meditech.cc\/pt\/wp-json\/wp\/v2\/comments?post=806"}],"wp:featuredmedia":[{"embeddable":true,"href":"https:\/\/www.meditech.cc\/pt\/wp-json\/wp\/v2\/media\/807"}],"wp:attachment":[{"href":"https:\/\/www.meditech.cc\/pt\/wp-json\/wp\/v2\/media?parent=806"}],"wp:term":[{"taxonomy":"product_brand","embeddable":true,"href":"https:\/\/www.meditech.cc\/pt\/wp-json\/wp\/v2\/product_brand?post=806"},{"taxonomy":"product_cat","embeddable":true,"href":"https:\/\/www.meditech.cc\/pt\/wp-json\/wp\/v2\/product_cat?post=806"},{"taxonomy":"product_tag","embeddable":true,"href":"https:\/\/www.meditech.cc\/pt\/wp-json\/wp\/v2\/product_tag?post=806"}],"curies":[{"name":"wp","href":"https:\/\/api.w.org\/{rel}","templated":true}]}}