{"id":871,"date":"2025-06-13T10:36:38","date_gmt":"2025-06-13T02:36:38","guid":{"rendered":"https:\/\/test.themepark.com.cn\/product\/zebra-105912-003-compatible-cleaning-kit\/"},"modified":"2026-04-28T17:12:45","modified_gmt":"2026-04-28T09:12:45","slug":"zebra-105912-003-compatible-cleaning-kit","status":"publish","type":"product","link":"https:\/\/www.meditech.cc\/pt\/zebra-105912-003-compatible-cleaning-kit","title":{"rendered":"Kit de limpeza compat\u00edvel Zebra 105912-003"},"content":{"rendered":"<p><strong>Kit de limpeza compat\u00edvel Zebra 105912-003<\/strong><\/p>\n<p>O Kit de limpeza para impressoras de cart\u00f5es ACR-Z003 \u00e9 compat\u00edvel com o Kit de limpeza Zebra 105912-003.<\/p>\n<p>O kit de limpeza ACR-Z003 inclui: 5 Rolo de limpeza adesivo<br \/>\n<strong>Impressoras compat\u00edveis<\/strong>: Zebra P310,P320,P330,P420,P520,P720<\/p>\n<p>Manter a impressora limpa garante a sua funcionalidade e prolonga a sua vida \u00fatil.<\/p>","protected":false},"excerpt":{"rendered":"[tp_attributes num_attributes=\"105\"]","protected":false},"featured_media":2633,"comment_status":"closed","ping_status":"closed","template":"","meta":{"themepark_post_bcolor":"#f5f5f5","themepark_post_width":"1022px","themepark_post_img":"","themepark_post_img_po":"left","themepark_post_img_re":false,"themepark_post_img_cover":false,"themepark_post_img_fixed":false,"themepark_post_hide_title":false,"themepark_post_main_b":"","themepark_post_main_p":100,"themepark_paddingblock":false},"product_brand":[],"product_cat":[22,52],"product_tag":[202],"class_list":{"0":"post-871","1":"product","2":"type-product","3":"status-publish","4":"has-post-thumbnail","6":"product_cat-card-printers-cleaning-kits","7":"product_cat-zebra-compatible-cleaning-kit","8":"product_tag-printer","10":"first","11":"instock","12":"product-type-simple"},"_links":{"self":[{"href":"https:\/\/www.meditech.cc\/pt\/wp-json\/wp\/v2\/product\/871","targetHints":{"allow":["GET"]}}],"collection":[{"href":"https:\/\/www.meditech.cc\/pt\/wp-json\/wp\/v2\/product"}],"about":[{"href":"https:\/\/www.meditech.cc\/pt\/wp-json\/wp\/v2\/types\/product"}],"replies":[{"embeddable":true,"href":"https:\/\/www.meditech.cc\/pt\/wp-json\/wp\/v2\/comments?post=871"}],"wp:featuredmedia":[{"embeddable":true,"href":"https:\/\/www.meditech.cc\/pt\/wp-json\/wp\/v2\/media\/2633"}],"wp:attachment":[{"href":"https:\/\/www.meditech.cc\/pt\/wp-json\/wp\/v2\/media?parent=871"}],"wp:term":[{"taxonomy":"product_brand","embeddable":true,"href":"https:\/\/www.meditech.cc\/pt\/wp-json\/wp\/v2\/product_brand?post=871"},{"taxonomy":"product_cat","embeddable":true,"href":"https:\/\/www.meditech.cc\/pt\/wp-json\/wp\/v2\/product_cat?post=871"},{"taxonomy":"product_tag","embeddable":true,"href":"https:\/\/www.meditech.cc\/pt\/wp-json\/wp\/v2\/product_tag?post=871"}],"curies":[{"name":"wp","href":"https:\/\/api.w.org\/{rel}","templated":true}]}}