{"id":977,"date":"2025-06-13T10:37:55","date_gmt":"2025-06-13T02:37:55","guid":{"rendered":"https:\/\/test.themepark.com.cn\/product\/cleanroom-microfiber-swab-ms761\/"},"modified":"2025-08-21T13:56:32","modified_gmt":"2025-08-21T05:56:32","slug":"cleanroom-microfiber-swab-ms761","status":"publish","type":"product","link":"https:\/\/www.meditech.cc\/pt\/cleanroom-microfiber-swab-ms761","title":{"rendered":"Esfrega\u00e7o de microfibras para salas limpas MS761"},"content":{"rendered":"<div style=\"margin-left: 40px;\"><span style=\"font-size: 14px;\"><span style=\"font-size: 14px;\"><span style=\"font-family: arial;\"><strong>Esfrega\u00e7o de microfibras para salas limpas MS761<\/strong><br \/>\nM\u00e9dio <span style=\"color: #000080;\">Cotonete de microfibra<\/span> com cabe\u00e7a de p\u00e1 interna flex\u00edvel e cabo longo<\/span><\/span><\/span><\/div>\n<div><\/div>\n<div style=\"margin-left: 40px;\"><strong>Descri\u00e7\u00e3o:<\/strong><br \/>\nA Zaragatoa de Microfibra M\u00e9dia MS761 da Meditech possui uma cabe\u00e7a de p\u00e1 interna flex\u00edvel com uma pega longa que proporciona um bom apoio e amortecimento.<br \/>\nA sua cabe\u00e7a em microfibra de poli\u00e9ster de dupla camada possui um elevado n\u00edvel de limpeza e uma excelente resist\u00eancia aos solventes, sendo a zaragatoa ideal para eliminar eficazmente a contamina\u00e7\u00e3o em superf\u00edcies e \u00e1reas de dif\u00edcil acesso.<br \/>\nO esfrega\u00e7o de microfibras m\u00e9dio MS761 est\u00e1 isento de contaminantes org\u00e2nicos, tais como silicone, amida e \u00e9steres de ftalato.<br \/>\nApresenta um teor muito baixo de res\u00edduos n\u00e3o vol\u00e1teis (NVR), de i\u00f5es e de part\u00edculas.<br \/>\n\u00c9 recomendado para a recolha de amostras de superf\u00edcies e para a valida\u00e7\u00e3o da limpeza.<br \/>\nOs seus n\u00edveis de limpeza proporcionam um fundo neutro para a amostra obtida. Esta zaragatoa \u00e9 a escolha ideal para a limpeza e amostragem controladas de grandes \u00e1reas<br \/>\nEste esfrega\u00e7o pode substituir os t\u00edpicos esfrega\u00e7os de algod\u00e3o de cabo longo em aplica\u00e7\u00f5es que exijam uma limpeza superior.<\/div>\n<div><\/div>\n<div style=\"margin-left: 40px;\"><strong>Carater\u00edsticas:<\/strong><br \/>\n- Isento de silicone, amida e DOP.<br \/>\n- Baixo teor de part\u00edculas, teor de i\u00f5es e res\u00edduos n\u00e3o vol\u00e1teis.<br \/>\n- Pega segura ESD (opcional)<br \/>\n- Cabe\u00e7a em microfibra de poli\u00e9ster termicamente ligada.<br \/>\n- Ponta macia e n\u00e3o abrasiva.<br \/>\n- Compat\u00edvel com os solventes mais comuns.<br \/>\n- Design: P\u00e1 de cabe\u00e7a flex\u00edvel com pega longa<br \/>\n- Dispon\u00edvel em cabo de 3,4\" para poupan\u00e7a econ\u00f3mica.<\/div>\n<div><\/div>\n<div style=\"margin-left: 40px;\"><strong>Aplica\u00e7\u00f5es:<\/strong><br \/>\n- Para a limpeza de superf\u00edcies delicadas e sens\u00edveis e para a recolha de mais part\u00edculas submicr\u00f3nicas do que as zaragatoas de poli\u00e9ster normais.<br \/>\n- Limpeza com solventes como o IPA.<br \/>\n- Limpeza de superf\u00edcies e zonas de dif\u00edcil acesso.<br \/>\n- Aplica\u00e7\u00e3o de lubrificantes ou outros l\u00edquidos<br \/>\n- Remover os res\u00edduos de fluxo e os materiais em excesso.<br \/>\n- Para limpeza geral.<\/div>\n<div><\/div>\n<div style=\"margin-left: 40px;\"><strong>Embalagem:<\/strong><\/div>\n<div style=\"margin-left: 40px;\">500 cotonetes\/saco;<br \/>\n5 sacos interiores de 100 esfrega\u00e7os;<br \/>\n30 sacos\/caixa&nbsp;<\/p>\n<\/div>","protected":false},"excerpt":{"rendered":"[tp_attributes num_attributes=\"105\"]","protected":false},"featured_media":978,"comment_status":"closed","ping_status":"closed","template":"","meta":{"themepark_post_bcolor":"#f5f5f5","themepark_post_width":"1022px","themepark_post_img":"","themepark_post_img_po":"left","themepark_post_img_re":false,"themepark_post_img_cover":false,"themepark_post_img_fixed":false,"themepark_post_hide_title":false,"themepark_post_main_b":"","themepark_post_main_p":100,"themepark_paddingblock":false},"product_brand":[],"product_cat":[26,39],"product_tag":[74,71,121,79,81,110],"class_list":{"0":"post-977","1":"product","2":"type-product","3":"status-publish","4":"has-post-thumbnail","6":"product_cat-cleanroom-swabs","7":"product_cat-microfiber-swabs","8":"product_tag-cleaning-swab","9":"product_tag-cleanroom-swab","10":"product_tag-cotton-swabs","11":"product_tag-lint-free-swab","12":"product_tag-microfiber-swab","13":"product_tag-purification-swab","15":"first","16":"instock","17":"product-type-simple"},"_links":{"self":[{"href":"https:\/\/www.meditech.cc\/pt\/wp-json\/wp\/v2\/product\/977","targetHints":{"allow":["GET"]}}],"collection":[{"href":"https:\/\/www.meditech.cc\/pt\/wp-json\/wp\/v2\/product"}],"about":[{"href":"https:\/\/www.meditech.cc\/pt\/wp-json\/wp\/v2\/types\/product"}],"replies":[{"embeddable":true,"href":"https:\/\/www.meditech.cc\/pt\/wp-json\/wp\/v2\/comments?post=977"}],"wp:featuredmedia":[{"embeddable":true,"href":"https:\/\/www.meditech.cc\/pt\/wp-json\/wp\/v2\/media\/978"}],"wp:attachment":[{"href":"https:\/\/www.meditech.cc\/pt\/wp-json\/wp\/v2\/media?parent=977"}],"wp:term":[{"taxonomy":"product_brand","embeddable":true,"href":"https:\/\/www.meditech.cc\/pt\/wp-json\/wp\/v2\/product_brand?post=977"},{"taxonomy":"product_cat","embeddable":true,"href":"https:\/\/www.meditech.cc\/pt\/wp-json\/wp\/v2\/product_cat?post=977"},{"taxonomy":"product_tag","embeddable":true,"href":"https:\/\/www.meditech.cc\/pt\/wp-json\/wp\/v2\/product_tag?post=977"}],"curies":[{"name":"wp","href":"https:\/\/api.w.org\/{rel}","templated":true}]}}