{"id":981,"date":"2025-06-13T10:37:55","date_gmt":"2025-06-13T02:37:55","guid":{"rendered":"https:\/\/test.themepark.com.cn\/product\/cleanroom-microfiber-swab-ms758\/"},"modified":"2025-11-28T14:52:15","modified_gmt":"2025-11-28T06:52:15","slug":"cleanroom-microfiber-swab-ms758","status":"publish","type":"product","link":"https:\/\/www.meditech.cc\/pt\/cleanroom-microfiber-swab-ms758","title":{"rendered":"Esfrega\u00e7o de microfibras para salas limpas MS758"},"content":{"rendered":"<div style=\"margin-left: 40px; text-align: left;\"><span style=\"font-size: 14px;\"><span style=\"font-size: 14px;\"><span style=\"font-family: arial;\">A Zaragatoa de Microfibras MS758 da Meditech \u00e9 uma excelente zaragatoa para a limpeza de pe\u00e7as e montagens em espa\u00e7os confinados com ranhuras finas, onde a altura da espessura \u00e9 uma grande preocupa\u00e7\u00e3o.<br \/>\nA sua cabe\u00e7a em microfibra de poli\u00e9ster de dupla camada possui um elevado n\u00edvel de limpeza e uma excelente resist\u00eancia aos solventes, sendo a zaragatoa ideal para eliminar eficazmente a contamina\u00e7\u00e3o das superf\u00edcies e limpar pequenas \u00e1reas com ranhuras e ranhuras.<br \/>\nO esfrega\u00e7o de microfibras MS758 n\u00e3o cont\u00e9m contaminantes org\u00e2nicos, tais como silicone, amida ou \u00e9steres de ftalato. Apresenta um n\u00edvel muito baixo de res\u00edduos n\u00e3o vol\u00e1teis (NVR), teor de i\u00f5es e produ\u00e7\u00e3o de part\u00edculas. Os esfrega\u00e7os de microfibras MS758 s\u00e3o excelentes para a limpeza geral.<\/span><\/span><\/span><\/div>\n<div style=\"margin-left: 40px; text-align: left;\">\n<h2>Carater\u00edsticas:<\/h2>\n<p>- Isento de silicone, amida e DOP.<br \/>\n- Baixo teor de part\u00edculas, teor de i\u00f5es e res\u00edduos n\u00e3o vol\u00e1teis.<br \/>\n- Pega segura ESD (opcional)<br \/>\n- Cabe\u00e7a em microfibra de poli\u00e9ster termicamente ligada.<br \/>\n- P\u00e1 de cabe\u00e7a flex\u00edvel.<br \/>\n- Elevada capacidade solvente, suave e n\u00e3o abrasiva.<br \/>\n- Compat\u00edvel com os solventes mais comuns.<br \/>\n- Sem revestimentos contaminantes.<br \/>\n- Design: P\u00e1 de cabe\u00e7a flex\u00edvel com pega compacta.<\/p>\n<h2>Aplica\u00e7\u00f5es:<\/h2>\n<p>- Para a limpeza de superf\u00edcies delicadas e sens\u00edveis e para a recolha de mais part\u00edculas submicr\u00f3nicas do que as zaragatoas de poli\u00e9ster normais.<br \/>\n- Limpeza com solventes como o IPA.<br \/>\n- Limpeza de \u00e1reas pequenas e confinadas.<br \/>\n- Aplica\u00e7\u00e3o de lubrificantes ou outros l\u00edquidos.<br \/>\n- Remover os res\u00edduos de fluxo e os materiais em excesso.<br \/>\n- Para limpeza geral.<\/p>\n<h2>Embalagem:<\/h2>\n<p>500 cotonetes\/saco;<br \/>\n5 sacos interiores de 100 cotonetes;<br \/>\n100 sacos\/caixa<\/p>\n<\/div>","protected":false},"excerpt":{"rendered":"[tp_attributes num_attributes=\"105\"]","protected":false},"featured_media":982,"comment_status":"closed","ping_status":"closed","template":"","meta":{"themepark_post_bcolor":"#f5f5f5","themepark_post_width":"1022px","themepark_post_img":"","themepark_post_img_po":"left","themepark_post_img_re":false,"themepark_post_img_cover":false,"themepark_post_img_fixed":false,"themepark_post_hide_title":false,"themepark_post_main_b":"","themepark_post_main_p":100,"themepark_paddingblock":false},"product_brand":[],"product_cat":[26,39],"product_tag":[74,71,70,81],"class_list":{"0":"post-981","1":"product","2":"type-product","3":"status-publish","4":"has-post-thumbnail","6":"product_cat-cleanroom-swabs","7":"product_cat-microfiber-swabs","8":"product_tag-cleaning-swab","9":"product_tag-cleanroom-swab","10":"product_tag-dust-free-swab","11":"product_tag-microfiber-swab","13":"first","14":"instock","15":"product-type-simple"},"_links":{"self":[{"href":"https:\/\/www.meditech.cc\/pt\/wp-json\/wp\/v2\/product\/981","targetHints":{"allow":["GET"]}}],"collection":[{"href":"https:\/\/www.meditech.cc\/pt\/wp-json\/wp\/v2\/product"}],"about":[{"href":"https:\/\/www.meditech.cc\/pt\/wp-json\/wp\/v2\/types\/product"}],"replies":[{"embeddable":true,"href":"https:\/\/www.meditech.cc\/pt\/wp-json\/wp\/v2\/comments?post=981"}],"wp:featuredmedia":[{"embeddable":true,"href":"https:\/\/www.meditech.cc\/pt\/wp-json\/wp\/v2\/media\/982"}],"wp:attachment":[{"href":"https:\/\/www.meditech.cc\/pt\/wp-json\/wp\/v2\/media?parent=981"}],"wp:term":[{"taxonomy":"product_brand","embeddable":true,"href":"https:\/\/www.meditech.cc\/pt\/wp-json\/wp\/v2\/product_brand?post=981"},{"taxonomy":"product_cat","embeddable":true,"href":"https:\/\/www.meditech.cc\/pt\/wp-json\/wp\/v2\/product_cat?post=981"},{"taxonomy":"product_tag","embeddable":true,"href":"https:\/\/www.meditech.cc\/pt\/wp-json\/wp\/v2\/product_tag?post=981"}],"curies":[{"name":"wp","href":"https:\/\/api.w.org\/{rel}","templated":true}]}}