{"id":985,"date":"2025-06-13T10:37:55","date_gmt":"2025-06-13T02:37:55","guid":{"rendered":"https:\/\/test.themepark.com.cn\/product\/cleanroom-microfiber-swab-ms713\/"},"modified":"2025-08-07T17:41:04","modified_gmt":"2025-08-07T09:41:04","slug":"cleanroom-microfiber-swab-ms713","status":"publish","type":"product","link":"https:\/\/www.meditech.cc\/pt\/cleanroom-microfiber-swab-ms713","title":{"rendered":"Esfrega\u00e7o de microfibras para salas limpas MS713"},"content":{"rendered":"<div style=\"margin-left: 40px;\"><span style=\"font-size: 14px;\"><span style=\"font-family: arial;\"><strong>Sala limpa <span style=\"font-size: 14px;\"><span style=\"font-family: arial;\">Microfibra<\/span><\/span> Cotonete MS713<\/strong><br \/>\nCabe\u00e7a retangular grande rigidamente selada ao longo cabo interno da p\u00e1<\/p>\n<p>A Meditech <a href=\"http:\/\/www.meditech.cc\/pt\/products\/cleanroom-swabs\/microfiber-swabs\/c-35\/\"><span style=\"color: #000080;\">Sala limpa <span style=\"font-size: 14px;\"><span style=\"font-family: arial;\">Microfibra<\/span><\/span> Cotonete<\/span><\/a> O MS713 possui uma cabe\u00e7a retangular grande concebida para limpar superf\u00edcies amplas e \u00e1reas planas. Um cabo de polipropileno com cabe\u00e7a interna longa, r\u00edgida e grande proporciona um bom controlo e facilidade de utiliza\u00e7\u00e3o.<br \/>\nA sua cabe\u00e7a de poli\u00e9ster tricotada de dupla camada possui um elevado n\u00edvel de limpeza e uma excelente resist\u00eancia aos solventes...<br \/>\n\u00c9 recomendado para a recolha de amostras de superf\u00edcies e para a valida\u00e7\u00e3o da limpeza.<br \/>\nOs seus n\u00edveis de limpeza proporcionam um fundo neutro para a amostra obtida. Esta zaragatoa \u00e9 a escolha ideal para a limpeza e amostragem controladas de grandes \u00e1reas<\/p>\n<p><strong>Carater\u00edsticas:<\/strong><br \/>\n- Isento de contamina\u00e7\u00e3o org\u00e2nica, como silicone, amida e DOP.<br \/>\n- Baixo teor de res\u00edduos n\u00e3o vol\u00e1teis, NVR<br \/>\n- Baixo teor de part\u00edculas e de i\u00f5es.<br \/>\n- Pega segura ESD (opcional)<br \/>\n- Cabo comprido de polipropileno verde claro<br \/>\n- Cabe\u00e7a em microfibra de poli\u00e9ster termicamente ligada.<br \/>\n- Ponta macia e n\u00e3o abrasiva.<br \/>\n- Compat\u00edvel com os solventes mais comuns.<br \/>\n- Design : Cabe\u00e7a grande retangular com pega interna longa em forma de p\u00e1<\/p>\n<p><strong>Aplica\u00e7\u00f5es:<\/strong><br \/>\n- Para amostragem de valida\u00e7\u00e3o de limpeza<br \/>\n- Aplica\u00e7\u00e3o de lubrificantes ou outros l\u00edquidos<br \/>\n- Remover os res\u00edduos de fluxo e os materiais em excesso.<br \/>\n- Para limpeza geral.<\/p>\n<p><strong>Embalagem:<\/strong><br \/>\n100 cotonetes\/saco;<br \/>\n2 sacos interiores de 50 cotonetes;<br \/>\n50 sacos\/caixa<\/p>\n<p><\/span><\/span><\/div>","protected":false},"excerpt":{"rendered":"[tp_attributes num_attributes=\"105\"]","protected":false},"featured_media":986,"comment_status":"closed","ping_status":"closed","template":"","meta":{"themepark_post_bcolor":"#f5f5f5","themepark_post_width":"1022px","themepark_post_img":"","themepark_post_img_po":"left","themepark_post_img_re":false,"themepark_post_img_cover":false,"themepark_post_img_fixed":false,"themepark_post_hide_title":false,"themepark_post_main_b":"","themepark_post_main_p":100,"themepark_paddingblock":false},"product_brand":[],"product_cat":[26,39],"product_tag":[74,107,106,71,79],"class_list":{"0":"post-985","1":"product","2":"type-product","3":"status-publish","4":"has-post-thumbnail","6":"product_cat-cleanroom-swabs","7":"product_cat-microfiber-swabs","8":"product_tag-cleaning-swab","9":"product_tag-cleanroom-microfiber-swab","10":"product_tag-cleanroom-polyester-swab","11":"product_tag-cleanroom-swab","12":"product_tag-lint-free-swab","14":"first","15":"instock","16":"product-type-simple"},"_links":{"self":[{"href":"https:\/\/www.meditech.cc\/pt\/wp-json\/wp\/v2\/product\/985","targetHints":{"allow":["GET"]}}],"collection":[{"href":"https:\/\/www.meditech.cc\/pt\/wp-json\/wp\/v2\/product"}],"about":[{"href":"https:\/\/www.meditech.cc\/pt\/wp-json\/wp\/v2\/types\/product"}],"replies":[{"embeddable":true,"href":"https:\/\/www.meditech.cc\/pt\/wp-json\/wp\/v2\/comments?post=985"}],"wp:featuredmedia":[{"embeddable":true,"href":"https:\/\/www.meditech.cc\/pt\/wp-json\/wp\/v2\/media\/986"}],"wp:attachment":[{"href":"https:\/\/www.meditech.cc\/pt\/wp-json\/wp\/v2\/media?parent=985"}],"wp:term":[{"taxonomy":"product_brand","embeddable":true,"href":"https:\/\/www.meditech.cc\/pt\/wp-json\/wp\/v2\/product_brand?post=985"},{"taxonomy":"product_cat","embeddable":true,"href":"https:\/\/www.meditech.cc\/pt\/wp-json\/wp\/v2\/product_cat?post=985"},{"taxonomy":"product_tag","embeddable":true,"href":"https:\/\/www.meditech.cc\/pt\/wp-json\/wp\/v2\/product_tag?post=985"}],"curies":[{"name":"wp","href":"https:\/\/api.w.org\/{rel}","templated":true}]}}