{"id":987,"date":"2025-06-13T10:37:55","date_gmt":"2025-06-13T02:37:55","guid":{"rendered":"https:\/\/test.themepark.com.cn\/product\/cleanroom-microfiber-swab-ms707\/"},"modified":"2025-09-03T08:42:35","modified_gmt":"2025-09-03T00:42:35","slug":"cleanroom-microfiber-swab-ms707","status":"publish","type":"product","link":"https:\/\/www.meditech.cc\/pt\/cleanroom-microfiber-swab-ms707","title":{"rendered":"Esfrega\u00e7o de microfibras para salas limpas MS707"},"content":{"rendered":"<div style=\"margin-left: 40px;\"><span style=\"font-size: 14px;\"><span style=\"font-size: 14px;\"><span style=\"font-family: arial;\"><strong>Sala limpa <\/strong><strong>Esfrega\u00e7o de microfibra MS707<\/strong><br \/>\nCabe\u00e7a retangular grande rigidamente selada a uma longa pega interna da p\u00e1.<\/span><\/span><\/span><\/div>\n<div style=\"margin-left: 40px;\"><a href=\"https:\/\/www.meditech.cc\/pt\/cleanroom-swabs\/microfiber-swabs\/\"><span style=\"color: #000080;\">Esfrega\u00e7o de microfibras para salas limpas da Meditech<\/span><\/a> O MS707 possui uma cabe\u00e7a retangular grande concebida para limpar superf\u00edcies amplas e \u00e1reas planas. Um cabo de polipropileno com cabe\u00e7a interna longa, r\u00edgida e grande proporciona um bom controlo e facilidade de utiliza\u00e7\u00e3o.<br \/>\nA sua cabe\u00e7a de microfibra de poli\u00e9ster tricotada de dupla camada possui um elevado n\u00edvel de limpeza e uma excelente resist\u00eancia aos solventes.<\/div>\n<div><\/div>\n<div style=\"margin-left: 40px;\"><strong>Carater\u00edsticas:<\/strong><br \/>\n- Isento de contamina\u00e7\u00e3o org\u00e2nica, como silicone, amida e DOP.<br \/>\n- Baixo teor de res\u00edduos n\u00e3o vol\u00e1teis, NVR<br \/>\n- Baixo teor de part\u00edculas e de i\u00f5es.<br \/>\n- Pega segura ESD (opcional)<br \/>\n- Cabo comprido de polipropileno verde claro<br \/>\n- Cabe\u00e7a em microfibra de poli\u00e9ster termicamente ligada.<br \/>\n- Ponta macia e n\u00e3o abrasiva.<br \/>\n- Compat\u00edvel com os solventes mais comuns.<br \/>\n&#8211;\u00a0 Design : Large Rectangular head with long internal paddle handle.<\/div>\n<div><\/div>\n<div style=\"margin-left: 40px;\"><strong>Aplica\u00e7\u00f5es:<\/strong><br \/>\n- Para a limpeza de superf\u00edcies delicadas e sens\u00edveis e para a recolha de mais part\u00edculas submicr\u00f3nicas do que as zaragatoas de poli\u00e9ster normais.<br \/>\n- Aplica\u00e7\u00e3o de lubrificantes ou outros l\u00edquidos<br \/>\n- Remover os res\u00edduos de fluxo e os materiais em excesso.<br \/>\n- Para limpeza geral.<br \/>\n<strong><br \/>\n<\/strong><strong>Embalagem:<\/strong><br \/>\n100 cotonetes\/saco;<br \/>\n2 sacos interiores de 50 cotonetes;<br \/>\n50 sacos\/caixa<\/div>","protected":false},"excerpt":{"rendered":"[tp_attributes num_attributes=\"105\"]","protected":false},"featured_media":988,"comment_status":"closed","ping_status":"closed","template":"","meta":{"themepark_post_bcolor":"#f5f5f5","themepark_post_width":"1022px","themepark_post_img":"","themepark_post_img_po":"left","themepark_post_img_re":false,"themepark_post_img_cover":false,"themepark_post_img_fixed":false,"themepark_post_hide_title":false,"themepark_post_main_b":"","themepark_post_main_p":100,"themepark_paddingblock":false},"product_brand":[],"product_cat":[26,39],"product_tag":[74,71,79,95],"class_list":{"0":"post-987","1":"product","2":"type-product","3":"status-publish","4":"has-post-thumbnail","6":"product_cat-cleanroom-swabs","7":"product_cat-microfiber-swabs","8":"product_tag-cleaning-swab","9":"product_tag-cleanroom-swab","10":"product_tag-lint-free-swab","11":"product_tag-swab-sticks","13":"first","14":"instock","15":"product-type-simple"},"_links":{"self":[{"href":"https:\/\/www.meditech.cc\/pt\/wp-json\/wp\/v2\/product\/987","targetHints":{"allow":["GET"]}}],"collection":[{"href":"https:\/\/www.meditech.cc\/pt\/wp-json\/wp\/v2\/product"}],"about":[{"href":"https:\/\/www.meditech.cc\/pt\/wp-json\/wp\/v2\/types\/product"}],"replies":[{"embeddable":true,"href":"https:\/\/www.meditech.cc\/pt\/wp-json\/wp\/v2\/comments?post=987"}],"wp:featuredmedia":[{"embeddable":true,"href":"https:\/\/www.meditech.cc\/pt\/wp-json\/wp\/v2\/media\/988"}],"wp:attachment":[{"href":"https:\/\/www.meditech.cc\/pt\/wp-json\/wp\/v2\/media?parent=987"}],"wp:term":[{"taxonomy":"product_brand","embeddable":true,"href":"https:\/\/www.meditech.cc\/pt\/wp-json\/wp\/v2\/product_brand?post=987"},{"taxonomy":"product_cat","embeddable":true,"href":"https:\/\/www.meditech.cc\/pt\/wp-json\/wp\/v2\/product_cat?post=987"},{"taxonomy":"product_tag","embeddable":true,"href":"https:\/\/www.meditech.cc\/pt\/wp-json\/wp\/v2\/product_tag?post=987"}],"curies":[{"name":"wp","href":"https:\/\/api.w.org\/{rel}","templated":true}]}}