{"id":991,"date":"2025-06-13T10:43:25","date_gmt":"2025-06-13T02:43:25","guid":{"rendered":"https:\/\/test.themepark.com.cn\/product\/cleanroom-polyester-swab-ps743\/"},"modified":"2025-08-11T17:32:32","modified_gmt":"2025-08-11T09:32:32","slug":"cleanroom-polyester-swab-ps743","status":"publish","type":"product","link":"https:\/\/www.meditech.cc\/pt\/cleanroom-polyester-swab-ps743","title":{"rendered":"Zaragatoa de poli\u00e9ster para salas limpas PS743"},"content":{"rendered":"<div style=\"margin-left: 40px;\"><span style=\"font-size: 14px;\"><span style=\"font-size: 14px;\"><span style=\"font-family: arial;\"><strong>Zaragatoa de poli\u00e9ster PS743<\/strong><br \/>\nN\u00facleo da cabe\u00e7a em poli\u00e9ster rigidamente selado ao cabo compacto.<br \/>\n<\/span><\/span><\/span><br \/>\n<a href=\"https:\/\/www.meditech.cc\/pt\/cleanroom-swabs\/polyester-swabs\/\">Zaragatoa de poli\u00e9ster da Meditech<\/a> O PS743 \u00e9 um cotonete ideal para limpar pequenas \u00e1reas com ranhuras e ranhuras. Tem um n\u00facleo de cabe\u00e7a de poli\u00e9ster r\u00edgido para apoio e controlo.<br \/>\nA zaragatoa de poli\u00e9ster PS743 n\u00e3o cont\u00e9m contaminantes org\u00e2nicos, tais como silicone, amida ou \u00e9steres de ftalato. Tem um teor muito baixo de res\u00edduos n\u00e3o vol\u00e1teis (NVR), de i\u00f5es e de part\u00edculas.<br \/>\nA sua cabe\u00e7a de poli\u00e9ster tricotada de dupla camada possui um elevado n\u00edvel de limpeza e uma excelente resist\u00eancia aos solventes.<br \/>\nA Zaragatoa de Poli\u00e9ster PS743 \u00e9 excelente para limpeza geral.<\/div>\n<div><\/div>\n<div style=\"margin-left: 40px;\"><strong>Carater\u00edsticas:<\/strong><br \/>\n- Isento de silicone, amida e DOP.<br \/>\n- Baixo teor de part\u00edculas, teor de i\u00f5es e res\u00edduos n\u00e3o vol\u00e1teis.<br \/>\n- Pega segura ESD (opcional)<br \/>\n- Suporte do n\u00facleo da cabe\u00e7a em poli\u00e9ster r\u00edgido para controlo da utiliza\u00e7\u00e3o.<br \/>\n- Cabe\u00e7a de poli\u00e9ster termicamente ligada.<br \/>\n- Elevada capacidade de solvente, ponta macia e n\u00e3o abrasiva.<br \/>\n- Compat\u00edvel com os solventes mais comuns.<br \/>\n- Design: P\u00e1 de cabe\u00e7a flex\u00edvel com pega longa<strong>Aplica\u00e7\u00f5es:<\/strong><br \/>\n- Limpeza com solventes como o IPA.<br \/>\n- Limpeza de superf\u00edcies e zonas de dif\u00edcil acesso.<br \/>\n- Aplica\u00e7\u00e3o de lubrificantes ou outros l\u00edquidos<br \/>\n- Remover os res\u00edduos de fluxo e os materiais em excesso.<br \/>\n- Para limpeza geral.<br \/>\n- Sem revestimentos contaminantes.<br \/>\n- Design: com pega compacta.<\/p>\n<p><strong>Embalagem:<\/strong><br \/>\n500 esfrega\u00e7os \/ saco;<br \/>\n5 sacos interiores de 100 cotonetes;<br \/>\n100 sacos \/ caixa<\/p>\n<\/div>","protected":false},"excerpt":{"rendered":"[tp_attributes num_attributes=\"105\"]","protected":false},"featured_media":992,"comment_status":"closed","ping_status":"closed","template":"","meta":{"themepark_post_bcolor":"#f5f5f5","themepark_post_width":"1022px","themepark_post_img":"","themepark_post_img_po":"left","themepark_post_img_re":false,"themepark_post_img_cover":false,"themepark_post_img_fixed":false,"themepark_post_hide_title":false,"themepark_post_main_b":"","themepark_post_main_p":100,"themepark_paddingblock":false},"product_brand":[],"product_cat":[26,41],"product_tag":[74,71,79,110],"class_list":{"0":"post-991","1":"product","2":"type-product","3":"status-publish","4":"has-post-thumbnail","6":"product_cat-cleanroom-swabs","7":"product_cat-polyester-swabs","8":"product_tag-cleaning-swab","9":"product_tag-cleanroom-swab","10":"product_tag-lint-free-swab","11":"product_tag-purification-swab","13":"first","14":"instock","15":"product-type-simple"},"_links":{"self":[{"href":"https:\/\/www.meditech.cc\/pt\/wp-json\/wp\/v2\/product\/991","targetHints":{"allow":["GET"]}}],"collection":[{"href":"https:\/\/www.meditech.cc\/pt\/wp-json\/wp\/v2\/product"}],"about":[{"href":"https:\/\/www.meditech.cc\/pt\/wp-json\/wp\/v2\/types\/product"}],"replies":[{"embeddable":true,"href":"https:\/\/www.meditech.cc\/pt\/wp-json\/wp\/v2\/comments?post=991"}],"wp:featuredmedia":[{"embeddable":true,"href":"https:\/\/www.meditech.cc\/pt\/wp-json\/wp\/v2\/media\/992"}],"wp:attachment":[{"href":"https:\/\/www.meditech.cc\/pt\/wp-json\/wp\/v2\/media?parent=991"}],"wp:term":[{"taxonomy":"product_brand","embeddable":true,"href":"https:\/\/www.meditech.cc\/pt\/wp-json\/wp\/v2\/product_brand?post=991"},{"taxonomy":"product_cat","embeddable":true,"href":"https:\/\/www.meditech.cc\/pt\/wp-json\/wp\/v2\/product_cat?post=991"},{"taxonomy":"product_tag","embeddable":true,"href":"https:\/\/www.meditech.cc\/pt\/wp-json\/wp\/v2\/product_tag?post=991"}],"curies":[{"name":"wp","href":"https:\/\/api.w.org\/{rel}","templated":true}]}}