{"id":995,"date":"2025-06-13T10:43:39","date_gmt":"2025-06-13T02:43:39","guid":{"rendered":"https:\/\/test.themepark.com.cn\/product\/cleanroom-polyester-swab-ps766\/"},"modified":"2025-08-16T09:57:24","modified_gmt":"2025-08-16T01:57:24","slug":"cleanroom-polyester-swab-ps766","status":"publish","type":"product","link":"https:\/\/www.meditech.cc\/pt\/cleanroom-polyester-swab-ps766","title":{"rendered":"Zaragatoa de poli\u00e9ster para salas limpas PS766"},"content":{"rendered":"<div style=\"margin-left: 40px;\"><span style=\"color: #000080;\">Zaragatoa m\u00e9dia de poli\u00e9ster da Meditech<\/span> A PS766 possui uma cabe\u00e7a de p\u00e1 interna flex\u00edvel com uma pega longa que proporciona um bom apoio e amortecimento.<br \/>\nA sua cabe\u00e7a de poli\u00e9ster tricotada de dupla camada possui um elevado n\u00edvel de limpeza e uma excelente resist\u00eancia aos solventes, sendo a zaragatoa ideal para eliminar eficazmente a contamina\u00e7\u00e3o em superf\u00edcies e \u00e1reas de dif\u00edcil acesso.<br \/>\nA compressa de poli\u00e9ster m\u00e9dia PS766 n\u00e3o cont\u00e9m contaminantes org\u00e2nicos, tais como silicone, amida e \u00e9steres de ftalato.<br \/>\nApresenta um teor muito baixo de res\u00edduos n\u00e3o vol\u00e1teis (NVR), de i\u00f5es e de part\u00edculas.<br \/>\n\u00c9 recomendado para a recolha de amostras de superf\u00edcies e para a valida\u00e7\u00e3o da limpeza.<br \/>\nOs seus n\u00edveis de limpeza proporcionam um fundo neutro para a amostra obtida. Esta zaragatoa \u00e9 a escolha ideal para a limpeza controlada e a amostragem de grandes \u00e1reas<\/div>\n<div style=\"margin-left: 40px;\">\n<p>&nbsp;<\/p>\n<p><strong>Carater\u00edsticas:<\/strong><br \/>\n- Isento de silicone, amida e DOP.<br \/>\n- Baixo teor de part\u00edculas, teor de i\u00f5es e res\u00edduos n\u00e3o vol\u00e1teis.<br \/>\n- Pega segura ESD (opcional)<br \/>\n- Cabe\u00e7a de poli\u00e9ster termicamente ligada.<br \/>\n- Ponta macia e n\u00e3o abrasiva.<br \/>\n- Compat\u00edvel com os solventes mais comuns.<br \/>\n- Design: P\u00e1 de cabe\u00e7a flex\u00edvel com pega longa<br \/>\n- Design: P\u00e1 de cabe\u00e7a flex\u00edvel com pega econ\u00f3mica de 3,4\" de comprimento<\/p>\n<p>&nbsp;<\/p>\n<p><strong>Aplica\u00e7\u00f5es:<\/strong><br \/>\n- Limpeza com solventes como o IPA.<br \/>\n- Limpeza de superf\u00edcies e zonas de dif\u00edcil acesso.<br \/>\n- Aplica\u00e7\u00e3o de lubrificantes ou outros l\u00edquidos<br \/>\n- Remover os res\u00edduos de fluxo e os materiais em excesso.<br \/>\n- Para limpeza geral.<\/p>\n<p>&nbsp;<\/p>\n<p><strong>Embalagem:<\/strong><br \/>\n500 esfrega\u00e7os \/ saco;<br \/>\n5 sacos interiores de 100 esfrega\u00e7os;<br \/>\n30 sacos \/ caixa<\/p>\n<\/div>","protected":false},"excerpt":{"rendered":"[tp_attributes num_attributes=\"105\"]","protected":false},"featured_media":996,"comment_status":"closed","ping_status":"closed","template":"","meta":{"themepark_post_bcolor":"#f5f5f5","themepark_post_width":"1022px","themepark_post_img":"","themepark_post_img_po":"left","themepark_post_img_re":false,"themepark_post_img_cover":false,"themepark_post_img_fixed":false,"themepark_post_hide_title":false,"themepark_post_main_b":"","themepark_post_main_p":100,"themepark_paddingblock":false},"product_brand":[],"product_cat":[26,41],"product_tag":[71,111,112,113,110],"class_list":{"0":"post-995","1":"product","2":"type-product","3":"status-publish","4":"has-post-thumbnail","6":"product_cat-cleanroom-swabs","7":"product_cat-polyester-swabs","8":"product_tag-cleanroom-swab","9":"product_tag-lint-free-cleaning-swab","10":"product_tag-polyester-swab","11":"product_tag-polyester-tipped-swab","12":"product_tag-purification-swab","14":"first","15":"instock","16":"product-type-simple"},"_links":{"self":[{"href":"https:\/\/www.meditech.cc\/pt\/wp-json\/wp\/v2\/product\/995","targetHints":{"allow":["GET"]}}],"collection":[{"href":"https:\/\/www.meditech.cc\/pt\/wp-json\/wp\/v2\/product"}],"about":[{"href":"https:\/\/www.meditech.cc\/pt\/wp-json\/wp\/v2\/types\/product"}],"replies":[{"embeddable":true,"href":"https:\/\/www.meditech.cc\/pt\/wp-json\/wp\/v2\/comments?post=995"}],"wp:featuredmedia":[{"embeddable":true,"href":"https:\/\/www.meditech.cc\/pt\/wp-json\/wp\/v2\/media\/996"}],"wp:attachment":[{"href":"https:\/\/www.meditech.cc\/pt\/wp-json\/wp\/v2\/media?parent=995"}],"wp:term":[{"taxonomy":"product_brand","embeddable":true,"href":"https:\/\/www.meditech.cc\/pt\/wp-json\/wp\/v2\/product_brand?post=995"},{"taxonomy":"product_cat","embeddable":true,"href":"https:\/\/www.meditech.cc\/pt\/wp-json\/wp\/v2\/product_cat?post=995"},{"taxonomy":"product_tag","embeddable":true,"href":"https:\/\/www.meditech.cc\/pt\/wp-json\/wp\/v2\/product_tag?post=995"}],"curies":[{"name":"wp","href":"https:\/\/api.w.org\/{rel}","templated":true}]}}